{"id":171,"date":"2020-03-21T21:34:24","date_gmt":"2020-03-21T21:34:24","guid":{"rendered":"https:\/\/www.thaler-online.com\/ig-new\/?page_id=171"},"modified":"2020-05-19T18:26:15","modified_gmt":"2020-05-19T18:26:15","slug":"gaesteraum","status":"publish","type":"page","link":"https:\/\/www.thaler-online.com\/ig-new\/gaesteraum\/","title":{"rendered":"G\u00e4steraum"},"content":{"rendered":"\t\t<div data-elementor-type=\"wp-page\" data-elementor-id=\"171\" class=\"elementor elementor-171\">\n\t\t\t\t\t\t<section class=\"elementor-section elementor-top-section elementor-element elementor-element-e0b2c6d elementor-section-full_width elementor-section-height-default elementor-section-height-default\" data-id=\"e0b2c6d\" data-element_type=\"section\">\n\t\t\t\t\t\t<div class=\"elementor-container elementor-column-gap-default\">\n\t\t\t\t\t<div class=\"elementor-column elementor-col-100 elementor-top-column elementor-element elementor-element-842d52b\" data-id=\"842d52b\" data-element_type=\"column\">\n\t\t\t<div class=\"elementor-widget-wrap elementor-element-populated\">\n\t\t\t\t\r\n\r\n\t\t<div class=\"elementor-element elementor-element-4b05dde elementor-widget elementor-widget-image-carousel\" data-id=\"4b05dde\" data-element_type=\"widget\" data-settings=\"{&quot;slides_to_show&quot;:&quot;1&quot;,&quot;navigation&quot;:&quot;none&quot;,&quot;autoplay&quot;:&quot;yes&quot;,&quot;pause_on_hover&quot;:&quot;yes&quot;,&quot;pause_on_interaction&quot;:&quot;yes&quot;,&quot;autoplay_speed&quot;:5000,&quot;infinite&quot;:&quot;yes&quot;,&quot;effect&quot;:&quot;slide&quot;,&quot;speed&quot;:500}\" data-widget_type=\"image-carousel.default\">\n\t\t\t\t<div class=\"elementor-widget-container\">\n\t\t\t\t\t<div class=\"elementor-image-carousel-wrapper swiper\" dir=\"ltr\">\n\t\t\t<div class=\"elementor-image-carousel swiper-wrapper swiper-image-stretch\" aria-live=\"off\">\n\t\t\t\t\t\t\t\t<div class=\"swiper-slide\" role=\"group\" aria-roledescription=\"slide\" aria-label=\"1 von 4\"><figure class=\"swiper-slide-inner\"><img decoding=\"async\" class=\"swiper-slide-image\" src=\"https:\/\/www.thaler-online.com\/ig-new\/wp-content\/uploads\/2020\/03\/Essen_DSC3676-Kopie.jpg\" alt=\"Essen_DSC3676 Kopie\" \/><\/figure><\/div><div class=\"swiper-slide\" role=\"group\" aria-roledescription=\"slide\" aria-label=\"2 von 4\"><figure class=\"swiper-slide-inner\"><img decoding=\"async\" class=\"swiper-slide-image\" src=\"https:\/\/www.thaler-online.com\/ig-new\/wp-content\/uploads\/2020\/03\/Essen_DSC3604-Kopie.jpg\" alt=\"Essen_DSC3604 Kopie\" \/><\/figure><\/div><div class=\"swiper-slide\" role=\"group\" aria-roledescription=\"slide\" aria-label=\"3 von 4\"><figure class=\"swiper-slide-inner\"><img decoding=\"async\" class=\"swiper-slide-image\" src=\"https:\/\/www.thaler-online.com\/ig-new\/wp-content\/uploads\/2020\/03\/innerglieshof_fruehstuecksraum_DSC7017-Kopie.jpg\" alt=\"innerglieshof_fruehstuecksraum_DSC7017 Kopie\" \/><\/figure><\/div><div class=\"swiper-slide\" role=\"group\" aria-roledescription=\"slide\" aria-label=\"4 von 4\"><figure class=\"swiper-slide-inner\"><img decoding=\"async\" class=\"swiper-slide-image\" src=\"https:\/\/www.thaler-online.com\/ig-new\/wp-content\/uploads\/2020\/03\/innerglieshof_Fruehstuecksraum2-Kopie.jpg\" alt=\"innerglieshof_Fruehstuecksraum2 Kopie\" \/><\/figure><\/div>\t\t\t<\/div>\n\t\t\t\t\t\t\t\n\t\t\t\t\t\t\t\t\t<\/div>\n\t\t\t\t<\/div>\n\t\t\t\t<\/div>\n\t\t\t\t\t<\/div>\n\t\t<\/div>\n\t\t\t\t\t<\/div>\n\t\t<\/section>\n\t\t\t\t<section class=\"elementor-section elementor-top-section elementor-element elementor-element-53481ae elementor-section-boxed elementor-section-height-default elementor-section-height-default\" data-id=\"53481ae\" data-element_type=\"section\">\n\t\t\t\t\t\t<div class=\"elementor-container elementor-column-gap-default\">\n\t\t\t\t\t<div class=\"elementor-column elementor-col-66 elementor-top-column elementor-element elementor-element-f0e9c44\" data-id=\"f0e9c44\" data-element_type=\"column\">\n\t\t\t<div class=\"elementor-widget-wrap elementor-element-populated\">\n\t\t\t\t\t\t<div class=\"elementor-element elementor-element-3653e6d elementor-widget elementor-widget-heading\" data-id=\"3653e6d\" data-element_type=\"widget\" data-widget_type=\"heading.default\">\n\t\t\t\t<div class=\"elementor-widget-container\">\n\t\t\t<h2 class=\"elementor-heading-title elementor-size-default\">G\u00e4steraum<\/h2>\t\t<\/div>\n\t\t\t\t<\/div>\n\t\t\t\t<div class=\"elementor-element elementor-element-e17904f elementor-widget elementor-widget-text-editor\" data-id=\"e17904f\" data-element_type=\"widget\" data-widget_type=\"text-editor.default\">\n\t\t\t\t<div class=\"elementor-widget-container\">\n\t\t\t\t\t\t\t<div class=\"inner-block\"><p>Genie\u00dfen Sie in unserem neuen G\u00e4steraum erholsame Momente; am behaglichen Kaminofen, in unserer Hausbibliothek oder in der gro\u00dfen Spielecke. Unseren G\u00e4sten steht eine kostenlose Internetverbindung zur Verf\u00fcgung.<\/p><p>Im gem\u00fctlichen Fr\u00fchst\u00fccksraum servieren wir Ihnen gerne ein einzigartiges S\u00fcdtiroler Bauernfr\u00fchst\u00fcck mit unseren gesunden, qualitativ hochwertigen Hofprodukten.<\/p><p>Mehr von unseren Hofprodukten sehen Sie unter dem Men\u00fcpunkt <a href=\"https:\/\/www.thaler-online.com\/ig-new\/geniessen\/\">GENIESSEN<\/a><\/p><\/div>\t\t\t\t\t\t<\/div>\n\t\t\t\t<\/div>\n\t\t\t\t\t<\/div>\n\t\t<\/div>\n\t\t\t\t<div class=\"elementor-column elementor-col-33 elementor-top-column elementor-element elementor-element-464011e\" data-id=\"464011e\" data-element_type=\"column\">\n\t\t\t<div class=\"elementor-widget-wrap elementor-element-populated\">\n\t\t\t\t\t\t<div class=\"elementor-element elementor-element-fdc3dac elementor-widget elementor-widget-global elementor-global-386 elementor-widget-heading\" data-id=\"fdc3dac\" data-element_type=\"widget\" data-widget_type=\"heading.default\">\n\t\t\t\t<div class=\"elementor-widget-container\">\n\t\t\t<span class=\"elementor-heading-title elementor-size-medium\">News<\/span>\t\t<\/div>\n\t\t\t\t<\/div>\n\t\t\t\t<div class=\"elementor-element elementor-element-1a019ce elementor-widget elementor-widget-global elementor-global-241 elementor-widget-wp-widget-wp-forecast\" data-id=\"1a019ce\" data-element_type=\"widget\" data-widget_type=\"wp-widget-wp-forecast.default\">\n\t\t\t\t<div class=\"elementor-widget-container\">\n\t\t\t<h5>Wetter<\/h5><div id=\"wp-forecastA\" class=\"wp-forecast\">\n<div class=\"wp-forecast-curr\">\n<div class=\"wp-forecast-curr-head\"><div><\/div>\n<\/div>\n<div class=\"wp-forecast-curr-block\"><div class='wp-forecast-curr-left'><br \/><\/div><div class='wp-forecast-curr-right'><div><\/div><\/div>\n<\/div>\n<div class=\"wp-forecast-curr-details\"><\/div>\n<\/div>\n<div class=\"wp-forecast-fc\">\n<\/div>\n<\/div>\n<div style=\"clear:inherit;\">&nbsp;<\/div>\t\t<\/div>\n\t\t\t\t<\/div>\n\t\t\t\t<div class=\"elementor-element elementor-element-8274fb7 elementor-grid-1 elementor-grid-tablet-2 elementor-grid-mobile-1 elementor-posts--thumbnail-top elementor-widget elementor-widget-global elementor-global-499 elementor-widget-posts\" data-id=\"8274fb7\" data-element_type=\"widget\" data-settings=\"{&quot;classic_columns&quot;:&quot;1&quot;,&quot;classic_row_gap&quot;:{&quot;unit&quot;:&quot;px&quot;,&quot;size&quot;:20,&quot;sizes&quot;:[]},&quot;classic_columns_tablet&quot;:&quot;2&quot;,&quot;classic_columns_mobile&quot;:&quot;1&quot;}\" data-widget_type=\"posts.classic\">\n\t\t\t\t<div class=\"elementor-widget-container\">\n\t\t\t\t\t<div class=\"elementor-posts-container elementor-posts elementor-posts--skin-classic elementor-grid\">\n\t\t\t\t<article class=\"elementor-post elementor-grid-item post-377 post type-post status-publish format-standard has-post-thumbnail hentry category-uncategorized\">\n\t\t\t\t<a class=\"elementor-post__thumbnail__link\" href=\"https:\/\/www.thaler-online.com\/ig-new\/2020\/03\/30\/roter-hahn\/\" >\n\t\t\t<div class=\"elementor-post__thumbnail\"><img decoding=\"async\" width=\"80\" height=\"60\" src=\"https:\/\/www.thaler-online.com\/ig-new\/wp-content\/uploads\/2020\/03\/news-img.png\" class=\"attachment-thumbnail size-thumbnail wp-image-378\" alt=\"\" \/><\/div>\n\t\t<\/a>\n\t\t\t\t<div class=\"elementor-post__text\">\n\t\t\t\t<h3 class=\"elementor-post__title\">\n\t\t\t<a href=\"https:\/\/www.thaler-online.com\/ig-new\/2020\/03\/30\/roter-hahn\/\" >\n\t\t\t\tTest 2\t\t\t<\/a>\n\t\t<\/h3>\n\t\t\t\t<\/div>\n\t\t\t\t<\/article>\n\t\t\t\t<article class=\"elementor-post elementor-grid-item post-1 post type-post status-publish format-standard hentry category-uncategorized\">\n\t\t\t\t<div class=\"elementor-post__text\">\n\t\t\t\t<h3 class=\"elementor-post__title\">\n\t\t\t<a href=\"https:\/\/www.thaler-online.com\/ig-new\/2020\/03\/16\/hello-world\/\" >\n\t\t\t\tHello world!\t\t\t<\/a>\n\t\t<\/h3>\n\t\t\t\t<\/div>\n\t\t\t\t<\/article>\n\t\t\t\t<\/div>\n\t\t\t\t<\/div>\n\t\t\t\t<\/div>\n\t\t\t\t\t<\/div>\n\t\t<\/div>\n\t\t\t\t\t<\/div>\n\t\t<\/section>\n\t\t\t\t<\/div>\n\t\t","protected":false},"excerpt":{"rendered":"<p>G\u00e4steraum Genie\u00dfen Sie in unserem neuen G\u00e4steraum erholsame Momente; am behaglichen Kaminofen, in unserer Hausbibliothek oder in der gro\u00dfen Spielecke. Unseren G\u00e4sten steht eine kostenlose<\/p>\n","protected":false},"author":1,"featured_media":0,"parent":0,"menu_order":0,"comment_status":"closed","ping_status":"closed","template":"elementor_header_footer","meta":{"footnotes":""},"class_list":["post-171","page","type-page","status-publish","hentry"],"_links":{"self":[{"href":"https:\/\/www.thaler-online.com\/ig-new\/wp-json\/wp\/v2\/pages\/171","targetHints":{"allow":["GET"]}}],"collection":[{"href":"https:\/\/www.thaler-online.com\/ig-new\/wp-json\/wp\/v2\/pages"}],"about":[{"href":"https:\/\/www.thaler-online.com\/ig-new\/wp-json\/wp\/v2\/types\/page"}],"author":[{"embeddable":true,"href":"https:\/\/www.thaler-online.com\/ig-new\/wp-json\/wp\/v2\/users\/1"}],"replies":[{"embeddable":true,"href":"https:\/\/www.thaler-online.com\/ig-new\/wp-json\/wp\/v2\/comments?post=171"}],"version-history":[{"count":10,"href":"https:\/\/www.thaler-online.com\/ig-new\/wp-json\/wp\/v2\/pages\/171\/revisions"}],"predecessor-version":[{"id":535,"href":"https:\/\/www.thaler-online.com\/ig-new\/wp-json\/wp\/v2\/pages\/171\/revisions\/535"}],"wp:attachment":[{"href":"https:\/\/www.thaler-online.com\/ig-new\/wp-json\/wp\/v2\/media?parent=171"}],"curies":[{"name":"wp","href":"https:\/\/api.w.org\/{rel}","templated":true}]}}