{"id":210,"date":"2020-03-21T22:01:32","date_gmt":"2020-03-21T22:01:32","guid":{"rendered":"https:\/\/www.thaler-online.com\/ig-new\/?page_id=210"},"modified":"2020-05-19T18:44:19","modified_gmt":"2020-05-19T18:44:19","slug":"erlebnis-bio-bauernhof","status":"publish","type":"page","link":"https:\/\/www.thaler-online.com\/ig-new\/erlebnis-bio-bauernhof\/","title":{"rendered":"Erlebnis Bio-Bauernhof"},"content":{"rendered":"\t\t<div data-elementor-type=\"wp-page\" data-elementor-id=\"210\" class=\"elementor elementor-210\">\n\t\t\t\t\t\t<section class=\"elementor-section elementor-top-section elementor-element elementor-element-2cdb5ba1 elementor-section-full_width elementor-section-height-default elementor-section-height-default\" data-id=\"2cdb5ba1\" data-element_type=\"section\">\n\t\t\t\t\t\t<div class=\"elementor-container elementor-column-gap-default\">\n\t\t\t\t\t<div class=\"elementor-column elementor-col-100 elementor-top-column elementor-element elementor-element-24f1a6b9\" data-id=\"24f1a6b9\" data-element_type=\"column\">\n\t\t\t<div class=\"elementor-widget-wrap elementor-element-populated\">\n\t\t\t\t\r\n\r\n\t\t<div class=\"elementor-element elementor-element-4b39da3 elementor-widget elementor-widget-image-carousel\" data-id=\"4b39da3\" data-element_type=\"widget\" data-settings=\"{&quot;slides_to_show&quot;:&quot;1&quot;,&quot;navigation&quot;:&quot;none&quot;,&quot;autoplay&quot;:&quot;yes&quot;,&quot;pause_on_hover&quot;:&quot;yes&quot;,&quot;pause_on_interaction&quot;:&quot;yes&quot;,&quot;autoplay_speed&quot;:5000,&quot;infinite&quot;:&quot;yes&quot;,&quot;effect&quot;:&quot;slide&quot;,&quot;speed&quot;:500}\" data-widget_type=\"image-carousel.default\">\n\t\t\t\t<div class=\"elementor-widget-container\">\n\t\t\t\t\t<div class=\"elementor-image-carousel-wrapper swiper\" dir=\"ltr\">\n\t\t\t<div class=\"elementor-image-carousel swiper-wrapper swiper-image-stretch\" aria-live=\"off\">\n\t\t\t\t\t\t\t\t<div class=\"swiper-slide\" role=\"group\" aria-roledescription=\"slide\" aria-label=\"1 von 7\"><figure class=\"swiper-slide-inner\"><img decoding=\"async\" class=\"swiper-slide-image\" src=\"https:\/\/www.thaler-online.com\/ig-new\/wp-content\/uploads\/2020\/03\/innerglieshof_DSC7560-Kopie.jpg\" alt=\"innerglieshof_DSC7560 Kopie\" \/><\/figure><\/div><div class=\"swiper-slide\" role=\"group\" aria-roledescription=\"slide\" aria-label=\"2 von 7\"><figure class=\"swiper-slide-inner\"><img decoding=\"async\" class=\"swiper-slide-image\" src=\"https:\/\/www.thaler-online.com\/ig-new\/wp-content\/uploads\/2020\/03\/Tiere_DSC3909-Kopie.jpg\" alt=\"Tiere_DSC3909 Kopie\" \/><\/figure><\/div><div class=\"swiper-slide\" role=\"group\" aria-roledescription=\"slide\" aria-label=\"3 von 7\"><figure class=\"swiper-slide-inner\"><img decoding=\"async\" class=\"swiper-slide-image\" src=\"https:\/\/www.thaler-online.com\/ig-new\/wp-content\/uploads\/2020\/03\/Tiere_DSC3865-Kopie.jpg\" alt=\"Tiere_DSC3865 Kopie\" \/><\/figure><\/div><div class=\"swiper-slide\" role=\"group\" aria-roledescription=\"slide\" aria-label=\"4 von 7\"><figure class=\"swiper-slide-inner\"><img decoding=\"async\" class=\"swiper-slide-image\" src=\"https:\/\/www.thaler-online.com\/ig-new\/wp-content\/uploads\/2020\/03\/Tiere_DSC4198-Kopie.jpg\" alt=\"Tiere_DSC4198 Kopie\" \/><\/figure><\/div><div class=\"swiper-slide\" role=\"group\" aria-roledescription=\"slide\" aria-label=\"5 von 7\"><figure class=\"swiper-slide-inner\"><img decoding=\"async\" class=\"swiper-slide-image\" src=\"https:\/\/www.thaler-online.com\/ig-new\/wp-content\/uploads\/2020\/03\/Tiere_DSC3816-Kopie.jpg\" alt=\"Tiere_DSC3816 Kopie\" \/><\/figure><\/div><div class=\"swiper-slide\" role=\"group\" aria-roledescription=\"slide\" aria-label=\"6 von 7\"><figure class=\"swiper-slide-inner\"><img decoding=\"async\" class=\"swiper-slide-image\" src=\"https:\/\/www.thaler-online.com\/ig-new\/wp-content\/uploads\/2020\/03\/Tiere_DSC4146-Kopie.jpg\" alt=\"Tiere_DSC4146 Kopie\" \/><\/figure><\/div><div class=\"swiper-slide\" role=\"group\" aria-roledescription=\"slide\" aria-label=\"7 von 7\"><figure class=\"swiper-slide-inner\"><img decoding=\"async\" class=\"swiper-slide-image\" src=\"https:\/\/www.thaler-online.com\/ig-new\/wp-content\/uploads\/2020\/03\/Tiere_DSC4068-Kopie.jpg\" alt=\"Tiere_DSC4068 Kopie\" \/><\/figure><\/div>\t\t\t<\/div>\n\t\t\t\t\t\t\t\n\t\t\t\t\t\t\t\t\t<\/div>\n\t\t\t\t<\/div>\n\t\t\t\t<\/div>\n\t\t\t\t\t<\/div>\n\t\t<\/div>\n\t\t\t\t\t<\/div>\n\t\t<\/section>\n\t\t\t\t<section class=\"elementor-section elementor-top-section elementor-element elementor-element-2c1af3cd elementor-section-boxed elementor-section-height-default elementor-section-height-default\" data-id=\"2c1af3cd\" data-element_type=\"section\">\n\t\t\t\t\t\t<div class=\"elementor-container elementor-column-gap-default\">\n\t\t\t\t\t<div class=\"elementor-column elementor-col-66 elementor-top-column elementor-element elementor-element-646156a5\" data-id=\"646156a5\" data-element_type=\"column\">\n\t\t\t<div class=\"elementor-widget-wrap elementor-element-populated\">\n\t\t\t\t\t\t<div class=\"elementor-element elementor-element-7efb33b9 elementor-widget elementor-widget-heading\" data-id=\"7efb33b9\" data-element_type=\"widget\" data-widget_type=\"heading.default\">\n\t\t\t\t<div class=\"elementor-widget-container\">\n\t\t\t<h2 class=\"elementor-heading-title elementor-size-default\">Erlebnis Bio-Bauernhof<\/h2>\t\t<\/div>\n\t\t\t\t<\/div>\n\t\t\t\t<div class=\"elementor-element elementor-element-3424ac9 elementor-widget elementor-widget-text-editor\" data-id=\"3424ac9\" data-element_type=\"widget\" data-widget_type=\"text-editor.default\">\n\t\t\t\t<div class=\"elementor-widget-container\">\n\t\t\t\t\t\t\t<h4><strong>Biologische Landwirtschaft \u2013 nat\u00fcrlich gut!<\/strong><\/h4><p>\u00a0<\/p><p>Unseren<strong> Biobauernhof<\/strong> <strong>Inner-Glieshof<\/strong> bewirtschaften wir aus \u00dcberzeugung nach strengen biologischen Richtlinien. Die artgerechte Haltung unserer Tiere und eine umweltschonende Produktion unserer hochwertigen Hofprodukte liegt uns am Herzen. Das sieht man an unseren gl\u00fccklichen, gesunden Tieren und schmeckt man an unseren k\u00f6stlichen Hofleckereien.<\/p><p>Das aromatische Futter von unseren Bergkr\u00e4uterwiesen gibt unserer Bio-Heumilch ihren besonders sahnigen Geschmack und macht sie so zu einem vollmundigen Getr\u00e4nk und zur idealen Basis f\u00fcr unser cremiges Bio-Heumilchjoghurt.<\/p><p>Die nestwarmen Eier von unseren gl\u00fccklichen H\u00fchnern \u2013 ein wahrer Genuss!<\/p><p>Ebenso werden unsere Hofschweine, unsere zwei verw\u00f6hnten Schafe \u201eMargarete\u201c und \u201eDaisy\u201c, das rotzfreche Pony \u201eFreddy\u201c, Meerschweinchen \u201eOskar\u201c, Hofkatze \u201eTeufelchen\u201c, bestens versorgt und verw\u00f6hnt.<\/p><p>Wer Lust versp\u00fcrt beim f\u00fcttern, melken, tr\u00e4nken, striegeln, ausmisten,\u00a0b\u00fcrsten, kraulen, streicheln, Stall fegen, einstreuen, Heu ernten, Gras m\u00e4hen, Butterfass kurbeln, Joghurt r\u00fchren, Kn\u00f6del drehen, Eier einsammeln, Milch verkosten, , \u00a0\u2026 zu helfen, ist nat\u00fcrlich herzlich eingeladen.<\/p>\t\t\t\t\t\t<\/div>\n\t\t\t\t<\/div>\n\t\t\t\t\t<\/div>\n\t\t<\/div>\n\t\t\t\t<div class=\"elementor-column elementor-col-33 elementor-top-column elementor-element elementor-element-5f9e0b62\" data-id=\"5f9e0b62\" data-element_type=\"column\">\n\t\t\t<div class=\"elementor-widget-wrap elementor-element-populated\">\n\t\t\t\t\t\t<div class=\"elementor-element elementor-element-3512860 elementor-widget elementor-widget-global elementor-global-386 elementor-widget-heading\" data-id=\"3512860\" data-element_type=\"widget\" data-widget_type=\"heading.default\">\n\t\t\t\t<div class=\"elementor-widget-container\">\n\t\t\t<span class=\"elementor-heading-title elementor-size-medium\">News<\/span>\t\t<\/div>\n\t\t\t\t<\/div>\n\t\t\t\t<div class=\"elementor-element elementor-element-d4641b7 elementor-widget elementor-widget-global elementor-global-241 elementor-widget-wp-widget-wp-forecast\" data-id=\"d4641b7\" data-element_type=\"widget\" data-widget_type=\"wp-widget-wp-forecast.default\">\n\t\t\t\t<div class=\"elementor-widget-container\">\n\t\t\t<h5>Wetter<\/h5><div id=\"wp-forecastA\" class=\"wp-forecast\">\n<div class=\"wp-forecast-curr\">\n<div class=\"wp-forecast-curr-head\"><div><\/div>\n<\/div>\n<div class=\"wp-forecast-curr-block\"><div class='wp-forecast-curr-left'><br \/><\/div><div class='wp-forecast-curr-right'><div><\/div><\/div>\n<\/div>\n<div class=\"wp-forecast-curr-details\"><\/div>\n<\/div>\n<div class=\"wp-forecast-fc\">\n<\/div>\n<\/div>\n<div style=\"clear:inherit;\">&nbsp;<\/div>\t\t<\/div>\n\t\t\t\t<\/div>\n\t\t\t\t<div class=\"elementor-element elementor-element-a1a75e2 elementor-grid-1 elementor-grid-tablet-2 elementor-grid-mobile-1 elementor-posts--thumbnail-top elementor-widget elementor-widget-global elementor-global-499 elementor-widget-posts\" data-id=\"a1a75e2\" data-element_type=\"widget\" data-settings=\"{&quot;classic_columns&quot;:&quot;1&quot;,&quot;classic_row_gap&quot;:{&quot;unit&quot;:&quot;px&quot;,&quot;size&quot;:20,&quot;sizes&quot;:[]},&quot;classic_columns_tablet&quot;:&quot;2&quot;,&quot;classic_columns_mobile&quot;:&quot;1&quot;}\" data-widget_type=\"posts.classic\">\n\t\t\t\t<div class=\"elementor-widget-container\">\n\t\t\t\t\t<div class=\"elementor-posts-container elementor-posts elementor-posts--skin-classic elementor-grid\">\n\t\t\t\t<article class=\"elementor-post elementor-grid-item post-377 post type-post status-publish format-standard has-post-thumbnail hentry category-uncategorized\">\n\t\t\t\t<a class=\"elementor-post__thumbnail__link\" href=\"https:\/\/www.thaler-online.com\/ig-new\/2020\/03\/30\/roter-hahn\/\" >\n\t\t\t<div class=\"elementor-post__thumbnail\"><img decoding=\"async\" width=\"80\" height=\"60\" src=\"https:\/\/www.thaler-online.com\/ig-new\/wp-content\/uploads\/2020\/03\/news-img.png\" class=\"attachment-thumbnail size-thumbnail wp-image-378\" alt=\"\" \/><\/div>\n\t\t<\/a>\n\t\t\t\t<div class=\"elementor-post__text\">\n\t\t\t\t<h3 class=\"elementor-post__title\">\n\t\t\t<a href=\"https:\/\/www.thaler-online.com\/ig-new\/2020\/03\/30\/roter-hahn\/\" >\n\t\t\t\tTest 2\t\t\t<\/a>\n\t\t<\/h3>\n\t\t\t\t<\/div>\n\t\t\t\t<\/article>\n\t\t\t\t<article class=\"elementor-post elementor-grid-item post-1 post type-post status-publish format-standard hentry category-uncategorized\">\n\t\t\t\t<div class=\"elementor-post__text\">\n\t\t\t\t<h3 class=\"elementor-post__title\">\n\t\t\t<a href=\"https:\/\/www.thaler-online.com\/ig-new\/2020\/03\/16\/hello-world\/\" >\n\t\t\t\tHello world!\t\t\t<\/a>\n\t\t<\/h3>\n\t\t\t\t<\/div>\n\t\t\t\t<\/article>\n\t\t\t\t<\/div>\n\t\t\t\t<\/div>\n\t\t\t\t<\/div>\n\t\t\t\t\t<\/div>\n\t\t<\/div>\n\t\t\t\t\t<\/div>\n\t\t<\/section>\n\t\t\t\t<\/div>\n\t\t","protected":false},"excerpt":{"rendered":"<p>Erlebnis Bio-Bauernhof Biologische Landwirtschaft \u2013 nat\u00fcrlich gut! \u00a0 Unseren Biobauernhof Inner-Glieshof bewirtschaften wir aus \u00dcberzeugung nach strengen biologischen Richtlinien. Die artgerechte Haltung unserer Tiere und<\/p>\n","protected":false},"author":1,"featured_media":0,"parent":0,"menu_order":0,"comment_status":"closed","ping_status":"closed","template":"elementor_header_footer","meta":{"footnotes":""},"class_list":["post-210","page","type-page","status-publish","hentry"],"_links":{"self":[{"href":"https:\/\/www.thaler-online.com\/ig-new\/wp-json\/wp\/v2\/pages\/210","targetHints":{"allow":["GET"]}}],"collection":[{"href":"https:\/\/www.thaler-online.com\/ig-new\/wp-json\/wp\/v2\/pages"}],"about":[{"href":"https:\/\/www.thaler-online.com\/ig-new\/wp-json\/wp\/v2\/types\/page"}],"author":[{"embeddable":true,"href":"https:\/\/www.thaler-online.com\/ig-new\/wp-json\/wp\/v2\/users\/1"}],"replies":[{"embeddable":true,"href":"https:\/\/www.thaler-online.com\/ig-new\/wp-json\/wp\/v2\/comments?post=210"}],"version-history":[{"count":10,"href":"https:\/\/www.thaler-online.com\/ig-new\/wp-json\/wp\/v2\/pages\/210\/revisions"}],"predecessor-version":[{"id":557,"href":"https:\/\/www.thaler-online.com\/ig-new\/wp-json\/wp\/v2\/pages\/210\/revisions\/557"}],"wp:attachment":[{"href":"https:\/\/www.thaler-online.com\/ig-new\/wp-json\/wp\/v2\/media?parent=210"}],"curies":[{"name":"wp","href":"https:\/\/api.w.org\/{rel}","templated":true}]}}