{"id":222,"date":"2020-03-21T22:05:28","date_gmt":"2020-03-21T22:05:28","guid":{"rendered":"https:\/\/www.thaler-online.com\/ig-new\/?page_id=222"},"modified":"2020-05-19T18:46:07","modified_gmt":"2020-05-19T18:46:07","slug":"geniessen","status":"publish","type":"page","link":"https:\/\/www.thaler-online.com\/ig-new\/geniessen\/","title":{"rendered":"Genie\u00dfen"},"content":{"rendered":"\t\t<div data-elementor-type=\"wp-page\" data-elementor-id=\"222\" class=\"elementor elementor-222\">\n\t\t\t\t\t\t<section class=\"elementor-section elementor-top-section elementor-element elementor-element-4aa819b7 elementor-section-full_width elementor-section-height-default elementor-section-height-default\" data-id=\"4aa819b7\" data-element_type=\"section\">\n\t\t\t\t\t\t<div class=\"elementor-container elementor-column-gap-default\">\n\t\t\t\t\t<div class=\"elementor-column elementor-col-100 elementor-top-column elementor-element elementor-element-54491b74\" data-id=\"54491b74\" data-element_type=\"column\">\n\t\t\t<div class=\"elementor-widget-wrap elementor-element-populated\">\n\t\t\t\t\r\n\r\n\t\t<div class=\"elementor-element elementor-element-37dd6260 elementor-widget elementor-widget-image-carousel\" data-id=\"37dd6260\" data-element_type=\"widget\" data-settings=\"{&quot;slides_to_show&quot;:&quot;1&quot;,&quot;navigation&quot;:&quot;none&quot;,&quot;autoplay&quot;:&quot;yes&quot;,&quot;pause_on_hover&quot;:&quot;yes&quot;,&quot;pause_on_interaction&quot;:&quot;yes&quot;,&quot;autoplay_speed&quot;:5000,&quot;infinite&quot;:&quot;yes&quot;,&quot;effect&quot;:&quot;slide&quot;,&quot;speed&quot;:500}\" data-widget_type=\"image-carousel.default\">\n\t\t\t\t<div class=\"elementor-widget-container\">\n\t\t\t\t\t<div class=\"elementor-image-carousel-wrapper swiper\" dir=\"ltr\">\n\t\t\t<div class=\"elementor-image-carousel swiper-wrapper swiper-image-stretch\" aria-live=\"off\">\n\t\t\t\t\t\t\t\t<div class=\"swiper-slide\" role=\"group\" aria-roledescription=\"slide\" aria-label=\"1 von 4\"><figure class=\"swiper-slide-inner\"><img decoding=\"async\" class=\"swiper-slide-image\" src=\"https:\/\/www.thaler-online.com\/ig-new\/wp-content\/uploads\/2020\/03\/Essen_DSC3676-Kopie.jpg\" alt=\"Essen_DSC3676 Kopie\" \/><\/figure><\/div><div class=\"swiper-slide\" role=\"group\" aria-roledescription=\"slide\" aria-label=\"2 von 4\"><figure class=\"swiper-slide-inner\"><img decoding=\"async\" class=\"swiper-slide-image\" src=\"https:\/\/www.thaler-online.com\/ig-new\/wp-content\/uploads\/2020\/03\/Essen_DSC3604-Kopie.jpg\" alt=\"Essen_DSC3604 Kopie\" \/><\/figure><\/div><div class=\"swiper-slide\" role=\"group\" aria-roledescription=\"slide\" aria-label=\"3 von 4\"><figure class=\"swiper-slide-inner\"><img decoding=\"async\" class=\"swiper-slide-image\" src=\"https:\/\/www.thaler-online.com\/ig-new\/wp-content\/uploads\/2020\/03\/innerglieshof_fruehstuecksraum_DSC7017-Kopie.jpg\" alt=\"innerglieshof_fruehstuecksraum_DSC7017 Kopie\" \/><\/figure><\/div><div class=\"swiper-slide\" role=\"group\" aria-roledescription=\"slide\" aria-label=\"4 von 4\"><figure class=\"swiper-slide-inner\"><img decoding=\"async\" class=\"swiper-slide-image\" src=\"https:\/\/www.thaler-online.com\/ig-new\/wp-content\/uploads\/2020\/03\/innerglieshof_Fruehstuecksraum2-Kopie.jpg\" alt=\"innerglieshof_Fruehstuecksraum2 Kopie\" \/><\/figure><\/div>\t\t\t<\/div>\n\t\t\t\t\t\t\t\n\t\t\t\t\t\t\t\t\t<\/div>\n\t\t\t\t<\/div>\n\t\t\t\t<\/div>\n\t\t\t\t\t<\/div>\n\t\t<\/div>\n\t\t\t\t\t<\/div>\n\t\t<\/section>\n\t\t\t\t<section class=\"elementor-section elementor-top-section elementor-element elementor-element-264dc130 elementor-section-boxed elementor-section-height-default elementor-section-height-default\" data-id=\"264dc130\" data-element_type=\"section\">\n\t\t\t\t\t\t<div class=\"elementor-container elementor-column-gap-default\">\n\t\t\t\t\t<div class=\"elementor-column elementor-col-66 elementor-top-column elementor-element elementor-element-281fdc0b\" data-id=\"281fdc0b\" data-element_type=\"column\">\n\t\t\t<div class=\"elementor-widget-wrap elementor-element-populated\">\n\t\t\t\t\t\t<div class=\"elementor-element elementor-element-56bf6752 elementor-widget elementor-widget-heading\" data-id=\"56bf6752\" data-element_type=\"widget\" data-widget_type=\"heading.default\">\n\t\t\t\t<div class=\"elementor-widget-container\">\n\t\t\t<h2 class=\"elementor-heading-title elementor-size-default\">Genie\u00dfen<\/h2>\t\t<\/div>\n\t\t\t\t<\/div>\n\t\t\t\t<div class=\"elementor-element elementor-element-cfee3e3 elementor-widget elementor-widget-text-editor\" data-id=\"cfee3e3\" data-element_type=\"widget\" data-widget_type=\"text-editor.default\">\n\t\t\t\t<div class=\"elementor-widget-container\">\n\t\t\t\t\t\t\t<p>Gerne\u00a0verw\u00f6hnen wir\u00a0Sie\u00a0im gem\u00fctlichen Fr\u00fchst\u00fccksraum mit\u00a0einem reichhaltigen <strong>S\u00fcdtiroler Bauernfr\u00fchst\u00fcck<\/strong> mit unseren gesunden, hofeigenen Produkten oder mit einer herzhaften <strong>S\u00fcdtiroler Bauernmarende<\/strong>. F\u00fcr unterwegs bereiten wir Ihnen ein schmackhaftes Lunchpaket zu.<\/p><p>\u00a0<\/p><h4>Reichhaltiges Genie\u00dfer-Fr\u00fchst\u00fcck vom Buffet:<\/h4><p>\u00a0<\/p><ul><li>Leckere hausgemachte Fruchtaufstriche<\/li><li>K\u00f6stlicher Alpenrosenhonig<\/li><li>Hausgemachte Frischrahmbutter aus dem Zirmfass<\/li><li>Wahl zwischen R\u00fchrei, Spiegelei oder Fr\u00fchst\u00fccksei<\/li><li>T\u00e4glich frische Kuchen<\/li><li>Leckeres BIO-Heumilch-Joghurt oder BIO-Heumilch-Rahmquark<\/li><li>Bergk\u00e4se von unserer Alm<\/li><li>Ger\u00e4ucherter Hausschinken, luftgetrocknetes R\u00e4ucherfleisch vom Rind, w\u00fcrzige Kr\u00e4utersalami, herzhafte Bauernsalami, saftige Fleischwurst<\/li><li>Frischer Obstsalat<\/li><li>Reichhaltiges\u00a0 M\u00fcslibuffet mit Getreidem\u00fchle<\/li><li>Verschiedene Br\u00f6tchen vom BIO-B\u00e4cker oder selbstgebackenes Brot<\/li><li>Vollmundige hausgemachte Fruchts\u00e4fte, wie Johannisbeere, Himbeere, Waldfr\u00fcchte, Holunder, Apfel<\/li><li>Kaffee und BIO-Heumilch oder Tee nach Wahl<\/li><li>Frischgepresster Saft<\/li><\/ul><p>\u00a0<\/p><p>Alle\u00a0unsere Produkte k\u00f6nnen auch gerne f\u00fcr die <strong>Ferienwohnungen<\/strong> t\u00e4glich frisch bestellt werden.<\/p><p>Weiters haben wir f\u00fcr Sie eine Vielzahl an frischen Kr\u00e4utern aus dem Kr\u00e4uterbeet. Aus diesem k\u00f6nnen Sie kostenlos frische Zutaten f\u00fcr Ihre Urlaubsk\u00fcche holen.<\/p><p>S\u00fc\u00dfes f\u00fcr unsere G\u00e4ste: S\u00fcdtiroler Apfelstrudel, Originale Linzertorte, Sacher\u2026 auch mit Rezept!<\/p>\t\t\t\t\t\t<\/div>\n\t\t\t\t<\/div>\n\t\t\t\t<div class=\"elementor-element elementor-element-c693e7f elementor-widget elementor-widget-heading\" data-id=\"c693e7f\" data-element_type=\"widget\" data-widget_type=\"heading.default\">\n\t\t\t\t<div class=\"elementor-widget-container\">\n\t\t\t<h2 class=\"elementor-heading-title elementor-size-default\">Produktecke<\/h2>\t\t<\/div>\n\t\t\t\t<\/div>\n\t\t\t\t<div class=\"elementor-element elementor-element-d03aa38 elementor-widget elementor-widget-text-editor\" data-id=\"d03aa38\" data-element_type=\"widget\" data-widget_type=\"text-editor.default\">\n\t\t\t\t<div class=\"elementor-widget-container\">\n\t\t\t\t\t\t\t<p>In unserer Produktecke finden Sie bestimmt ein kulinarisches Mitbringsel f\u00fcr Zuhause! Erh\u00e4ltlich sind: ger\u00e4uchertes Rindfleisch, Bauernkaminwurzen, Kr\u00e4uteraufguss, Fruchtaufstriche, Eier \u2026<\/p>\t\t\t\t\t\t<\/div>\n\t\t\t\t<\/div>\n\t\t\t\t\t<\/div>\n\t\t<\/div>\n\t\t\t\t<div class=\"elementor-column elementor-col-33 elementor-top-column elementor-element elementor-element-6e6f73bd\" data-id=\"6e6f73bd\" data-element_type=\"column\">\n\t\t\t<div class=\"elementor-widget-wrap elementor-element-populated\">\n\t\t\t\t\t\t<div class=\"elementor-element elementor-element-6af5a58 elementor-widget elementor-widget-global elementor-global-386 elementor-widget-heading\" data-id=\"6af5a58\" data-element_type=\"widget\" data-widget_type=\"heading.default\">\n\t\t\t\t<div class=\"elementor-widget-container\">\n\t\t\t<span class=\"elementor-heading-title elementor-size-medium\">News<\/span>\t\t<\/div>\n\t\t\t\t<\/div>\n\t\t\t\t<div class=\"elementor-element elementor-element-bfe1ff6 elementor-widget elementor-widget-global elementor-global-241 elementor-widget-wp-widget-wp-forecast\" data-id=\"bfe1ff6\" data-element_type=\"widget\" data-widget_type=\"wp-widget-wp-forecast.default\">\n\t\t\t\t<div class=\"elementor-widget-container\">\n\t\t\t<h5>Wetter<\/h5><div id=\"wp-forecastA\" class=\"wp-forecast\">\n<div class=\"wp-forecast-curr\">\n<div class=\"wp-forecast-curr-head\"><div><\/div>\n<\/div>\n<div class=\"wp-forecast-curr-block\"><div class='wp-forecast-curr-left'><br \/><\/div><div class='wp-forecast-curr-right'><div><\/div><\/div>\n<\/div>\n<div class=\"wp-forecast-curr-details\"><\/div>\n<\/div>\n<div class=\"wp-forecast-fc\">\n<\/div>\n<\/div>\n<div style=\"clear:inherit;\">&nbsp;<\/div>\t\t<\/div>\n\t\t\t\t<\/div>\n\t\t\t\t<div class=\"elementor-element elementor-element-0d7a3b1 elementor-grid-1 elementor-grid-tablet-2 elementor-grid-mobile-1 elementor-posts--thumbnail-top elementor-widget elementor-widget-global elementor-global-499 elementor-widget-posts\" data-id=\"0d7a3b1\" data-element_type=\"widget\" data-settings=\"{&quot;classic_columns&quot;:&quot;1&quot;,&quot;classic_row_gap&quot;:{&quot;unit&quot;:&quot;px&quot;,&quot;size&quot;:20,&quot;sizes&quot;:[]},&quot;classic_columns_tablet&quot;:&quot;2&quot;,&quot;classic_columns_mobile&quot;:&quot;1&quot;}\" data-widget_type=\"posts.classic\">\n\t\t\t\t<div class=\"elementor-widget-container\">\n\t\t\t\t\t<div class=\"elementor-posts-container elementor-posts elementor-posts--skin-classic elementor-grid\">\n\t\t\t\t<article class=\"elementor-post elementor-grid-item post-377 post type-post status-publish format-standard has-post-thumbnail hentry category-uncategorized\">\n\t\t\t\t<a class=\"elementor-post__thumbnail__link\" href=\"https:\/\/www.thaler-online.com\/ig-new\/2020\/03\/30\/roter-hahn\/\" >\n\t\t\t<div class=\"elementor-post__thumbnail\"><img decoding=\"async\" width=\"80\" height=\"60\" src=\"https:\/\/www.thaler-online.com\/ig-new\/wp-content\/uploads\/2020\/03\/news-img.png\" class=\"attachment-thumbnail size-thumbnail wp-image-378\" alt=\"\" \/><\/div>\n\t\t<\/a>\n\t\t\t\t<div class=\"elementor-post__text\">\n\t\t\t\t<h3 class=\"elementor-post__title\">\n\t\t\t<a href=\"https:\/\/www.thaler-online.com\/ig-new\/2020\/03\/30\/roter-hahn\/\" >\n\t\t\t\tTest 2\t\t\t<\/a>\n\t\t<\/h3>\n\t\t\t\t<\/div>\n\t\t\t\t<\/article>\n\t\t\t\t<article class=\"elementor-post elementor-grid-item post-1 post type-post status-publish format-standard hentry category-uncategorized\">\n\t\t\t\t<div class=\"elementor-post__text\">\n\t\t\t\t<h3 class=\"elementor-post__title\">\n\t\t\t<a href=\"https:\/\/www.thaler-online.com\/ig-new\/2020\/03\/16\/hello-world\/\" >\n\t\t\t\tHello world!\t\t\t<\/a>\n\t\t<\/h3>\n\t\t\t\t<\/div>\n\t\t\t\t<\/article>\n\t\t\t\t<\/div>\n\t\t\t\t<\/div>\n\t\t\t\t<\/div>\n\t\t\t\t\t<\/div>\n\t\t<\/div>\n\t\t\t\t\t<\/div>\n\t\t<\/section>\n\t\t\t\t<\/div>\n\t\t","protected":false},"excerpt":{"rendered":"<p>Genie\u00dfen Gerne\u00a0verw\u00f6hnen wir\u00a0Sie\u00a0im gem\u00fctlichen Fr\u00fchst\u00fccksraum mit\u00a0einem reichhaltigen S\u00fcdtiroler Bauernfr\u00fchst\u00fcck mit unseren gesunden, hofeigenen Produkten oder mit einer herzhaften S\u00fcdtiroler Bauernmarende. F\u00fcr unterwegs bereiten wir Ihnen<\/p>\n","protected":false},"author":1,"featured_media":0,"parent":0,"menu_order":0,"comment_status":"closed","ping_status":"closed","template":"elementor_header_footer","meta":{"footnotes":""},"class_list":["post-222","page","type-page","status-publish","hentry"],"_links":{"self":[{"href":"https:\/\/www.thaler-online.com\/ig-new\/wp-json\/wp\/v2\/pages\/222","targetHints":{"allow":["GET"]}}],"collection":[{"href":"https:\/\/www.thaler-online.com\/ig-new\/wp-json\/wp\/v2\/pages"}],"about":[{"href":"https:\/\/www.thaler-online.com\/ig-new\/wp-json\/wp\/v2\/types\/page"}],"author":[{"embeddable":true,"href":"https:\/\/www.thaler-online.com\/ig-new\/wp-json\/wp\/v2\/users\/1"}],"replies":[{"embeddable":true,"href":"https:\/\/www.thaler-online.com\/ig-new\/wp-json\/wp\/v2\/comments?post=222"}],"version-history":[{"count":8,"href":"https:\/\/www.thaler-online.com\/ig-new\/wp-json\/wp\/v2\/pages\/222\/revisions"}],"predecessor-version":[{"id":558,"href":"https:\/\/www.thaler-online.com\/ig-new\/wp-json\/wp\/v2\/pages\/222\/revisions\/558"}],"wp:attachment":[{"href":"https:\/\/www.thaler-online.com\/ig-new\/wp-json\/wp\/v2\/media?parent=222"}],"curies":[{"name":"wp","href":"https:\/\/api.w.org\/{rel}","templated":true}]}}