{"id":246,"date":"2020-03-23T20:42:40","date_gmt":"2020-03-23T20:42:40","guid":{"rendered":"https:\/\/www.thaler-online.com\/ig-new\/?page_id=246"},"modified":"2020-03-24T08:10:08","modified_gmt":"2020-03-24T08:10:08","slug":"elementor-246","status":"publish","type":"page","link":"https:\/\/www.thaler-online.com\/ig-new\/elementor-246\/","title":{"rendered":"Preise"},"content":{"rendered":"\t\t<div data-elementor-type=\"wp-page\" data-elementor-id=\"246\" class=\"elementor elementor-246\">\n\t\t\t\t\t\t<section class=\"elementor-section elementor-top-section elementor-element elementor-element-7eddebe elementor-section-full_width elementor-section-height-default elementor-section-height-default\" data-id=\"7eddebe\" data-element_type=\"section\">\n\t\t\t\t\t\t<div class=\"elementor-container elementor-column-gap-extended\">\n\t\t\t\t\t<div class=\"elementor-column elementor-col-100 elementor-top-column elementor-element elementor-element-6de53bc\" data-id=\"6de53bc\" data-element_type=\"column\">\n\t\t\t<div class=\"elementor-widget-wrap elementor-element-populated\">\n\t\t\t\t\r\n\r\n\t\t<div class=\"elementor-element elementor-element-54dcb32 elementor-widget elementor-widget-image-carousel\" data-id=\"54dcb32\" data-element_type=\"widget\" data-settings=\"{&quot;slides_to_show&quot;:&quot;1&quot;,&quot;navigation&quot;:&quot;none&quot;,&quot;autoplay&quot;:&quot;yes&quot;,&quot;pause_on_hover&quot;:&quot;yes&quot;,&quot;pause_on_interaction&quot;:&quot;yes&quot;,&quot;autoplay_speed&quot;:5000,&quot;infinite&quot;:&quot;yes&quot;,&quot;effect&quot;:&quot;slide&quot;,&quot;speed&quot;:500}\" data-widget_type=\"image-carousel.default\">\n\t\t\t\t<div class=\"elementor-widget-container\">\n\t\t\t\t\t<div class=\"elementor-image-carousel-wrapper swiper\" dir=\"ltr\">\n\t\t\t<div class=\"elementor-image-carousel swiper-wrapper swiper-image-stretch\" aria-live=\"off\">\n\t\t\t\t\t\t\t\t<div class=\"swiper-slide\" role=\"group\" aria-roledescription=\"slide\" aria-label=\"1 von 4\"><figure class=\"swiper-slide-inner\"><img decoding=\"async\" class=\"swiper-slide-image\" src=\"https:\/\/www.thaler-online.com\/ig-new\/wp-content\/uploads\/2020\/03\/innerglieshof_blumen_DSC7242-Kopie.jpg\" alt=\"innerglieshof_blumen_DSC7242 Kopie\" \/><\/figure><\/div><div class=\"swiper-slide\" role=\"group\" aria-roledescription=\"slide\" aria-label=\"2 von 4\"><figure class=\"swiper-slide-inner\"><img decoding=\"async\" class=\"swiper-slide-image\" src=\"https:\/\/www.thaler-online.com\/ig-new\/wp-content\/uploads\/2020\/03\/innerglieshof_blumen_DSC7118-Kopie.jpg\" alt=\"innerglieshof_blumen_DSC7118 Kopie\" \/><\/figure><\/div><div class=\"swiper-slide\" role=\"group\" aria-roledescription=\"slide\" aria-label=\"3 von 4\"><figure class=\"swiper-slide-inner\"><img decoding=\"async\" class=\"swiper-slide-image\" src=\"https:\/\/www.thaler-online.com\/ig-new\/wp-content\/uploads\/2020\/03\/innerglieshof_blumen_DSC7513-Kopie.jpg\" alt=\"innerglieshof_blumen_DSC7513 Kopie\" \/><\/figure><\/div><div class=\"swiper-slide\" role=\"group\" aria-roledescription=\"slide\" aria-label=\"4 von 4\"><figure class=\"swiper-slide-inner\"><img decoding=\"async\" class=\"swiper-slide-image\" src=\"https:\/\/www.thaler-online.com\/ig-new\/wp-content\/uploads\/2020\/03\/innerglieshof_wildblumen_DSC7108-Kopie.jpg\" alt=\"innerglieshof_wildblumen_DSC7108 Kopie\" \/><\/figure><\/div>\t\t\t<\/div>\n\t\t\t\t\t\t\t\n\t\t\t\t\t\t\t\t\t<\/div>\n\t\t\t\t<\/div>\n\t\t\t\t<\/div>\n\t\t\t\t\t<\/div>\n\t\t<\/div>\n\t\t\t\t\t<\/div>\n\t\t<\/section>\n\t\t\t\t<section class=\"elementor-section elementor-top-section elementor-element elementor-element-1c0cec6 elementor-section-boxed elementor-section-height-default elementor-section-height-default\" data-id=\"1c0cec6\" data-element_type=\"section\">\n\t\t\t\t\t\t<div class=\"elementor-container elementor-column-gap-default\">\n\t\t\t\t\t<div class=\"elementor-column elementor-col-100 elementor-top-column elementor-element elementor-element-ca57961\" data-id=\"ca57961\" data-element_type=\"column\">\n\t\t\t<div class=\"elementor-widget-wrap elementor-element-populated\">\n\t\t\t\t\t\t<div class=\"elementor-element elementor-element-674a6dd elementor-widget elementor-widget-shortcode\" data-id=\"674a6dd\" data-element_type=\"widget\" data-widget_type=\"shortcode.default\">\n\t\t\t\t<div class=\"elementor-widget-container\">\n\t\t\t\t\t<div class=\"elementor-shortcode\">\n<table id=\"tablepress-1\" class=\"tablepress tablepress-id-1 preise tbody-has-connected-cells\">\n<thead>\n<tr class=\"row-1\">\n\t<th class=\"column-1\">\u00a0<\/th><th class=\"column-2\">DOPPELZIMMER <br \/>\nCOMFORT<br \/>\nMIT FR\u00dcHST\u00dcCK<\/th><th class=\"column-3\">DOPPELZIMMER <br \/>\nSTANDARD<br \/>\nMIT FR\u00dcHST\u00dcCK<\/th><th class=\"column-4\">FERIENWOHNUNGEN <br \/>\nST. JOSEF<br \/>\nUND ST. FLORINUS<\/th><th class=\"column-5\">FERIENWOHNUNGEN <br \/>\nST. MARTIN<br \/>\nUND ST. SEBASTIAN<\/th>\n<\/tr>\n<\/thead>\n<tbody class=\"row-striping row-hover\">\n<tr class=\"row-2\">\n\t<td class=\"column-1\">WINTERRUHE<\/td><td class=\"column-2\"><\/td><td class=\"column-3\"><\/td><td class=\"column-4\"><\/td><td class=\"column-5\"><\/td>\n<\/tr>\n<tr class=\"row-3\">\n\t<td class=\"column-1\">06.01. - 01.02.<\/td><td class=\"column-2\">45 \u20ac<\/td><td class=\"column-3\">40 \u20ac<\/td><td class=\"column-4\">70 - 75 \u20ac *<\/td><td class=\"column-5\">80 - 85 \u20ac *<\/td>\n<\/tr>\n<tr class=\"row-4\">\n\t<td class=\"column-1\">SKITOUREN PUR<\/td><td class=\"column-2\"><\/td><td class=\"column-3\"><\/td><td class=\"column-4\"><\/td><td class=\"column-5\"><\/td>\n<\/tr>\n<tr class=\"row-5\">\n\t<td class=\"column-1\">01.02. - 25.04.<\/td><td class=\"column-2\">50 \u20ac<\/td><td class=\"column-3\">45 \u20ac<\/td><td class=\"column-4\">80 - 85 \u20ac *<\/td><td class=\"column-5\">85 - 90 \u20ac *<\/td>\n<\/tr>\n<tr class=\"row-6\">\n\t<td class=\"column-1\">FR\u00dcHLINGSERWACHEN<\/td><td class=\"column-2\"><\/td><td class=\"column-3\"><\/td><td class=\"column-4\"><\/td><td class=\"column-5\"><\/td>\n<\/tr>\n<tr class=\"row-7\">\n\t<td class=\"column-1\">25.04. - 23.05.<\/td><td class=\"column-2\">45 \u20ac<\/td><td class=\"column-3\">40 \u20ac<\/td><td class=\"column-4\">70 - 75 \u20ac *<\/td><td class=\"column-5\">80 - 85 \u20ac *<\/td>\n<\/tr>\n<tr class=\"row-8\">\n\t<td class=\"column-1\">BERGBLUMENPRACHT<\/td><td class=\"column-2\"><\/td><td class=\"column-3\"><\/td><td class=\"column-4\"><\/td><td class=\"column-5\"><\/td>\n<\/tr>\n<tr class=\"row-9\">\n\t<td class=\"column-1\">23.05. - 20.06.<\/td><td class=\"column-2\">50 \u20ac<\/td><td class=\"column-3\">48 \u20ac<\/td><td class=\"column-4\">80 - 85 \u20ac *<\/td><td class=\"column-5\">85 - 90 \u20ac *<\/td>\n<\/tr>\n<tr class=\"row-10\">\n\t<td class=\"column-1\">ABENTEUER BERG<\/td><td class=\"column-2\"><\/td><td class=\"column-3\"><\/td><td class=\"column-4\"><\/td><td class=\"column-5\"><\/td>\n<\/tr>\n<tr class=\"row-11\">\n\t<td class=\"column-1\">20.06. - 05.09.<\/td><td class=\"column-2\">60 \u20ac<\/td><td class=\"column-3\">53 \u20ac<\/td><td class=\"column-4\">85 - 90 \u20ac *<\/td><td class=\"column-5\">90 - 95 \u20ac *<\/td>\n<\/tr>\n<tr class=\"row-12\">\n\t<td class=\"column-1\">SP\u00c4TSOMMERTR\u00c4UME<\/td><td class=\"column-2\"><\/td><td class=\"column-3\"><\/td><td class=\"column-4\"><\/td><td class=\"column-5\"><\/td>\n<\/tr>\n<tr class=\"row-13\">\n\t<td class=\"column-1\">05.09. - 08.11.<\/td><td class=\"column-2\">50 \u20ac<\/td><td class=\"column-3\">45 \u20ac<\/td><td class=\"column-4\">75 - 85 \u20ac *<\/td><td class=\"column-5\">85 - 90 \u20ac *<\/td>\n<\/tr>\n<tr class=\"row-14\">\n\t<td class=\"column-1\">HERBSTLAUSCHEN<\/td><td class=\"column-2\"><\/td><td class=\"column-3\"><\/td><td class=\"column-4\"><\/td><td class=\"column-5\"><\/td>\n<\/tr>\n<tr class=\"row-15\">\n\t<td class=\"column-1\">08.11. - 21.12.<\/td><td class=\"column-2\">45 \u20ac<\/td><td class=\"column-3\">40 \u20ac<\/td><td class=\"column-4\">70 - 75 \u20ac *<\/td><td class=\"column-5\">80 - 85 \u20ac *<\/td>\n<\/tr>\n<tr class=\"row-16\">\n\t<td class=\"column-1\">WINTERM\u00c4RCHEN<\/td><td class=\"column-2\"><\/td><td class=\"column-3\"><\/td><td class=\"column-4\"><\/td><td class=\"column-5\"><\/td>\n<\/tr>\n<tr class=\"row-17\">\n\t<td class=\"column-1\">21.12 \u2013 06.01.<\/td><td class=\"column-2\">55 \u20ac<\/td><td class=\"column-3\">53 \u20ac<\/td><td class=\"column-4\">85 - 90 \u20ac *<\/td><td class=\"column-5\">90 - 95 \u20ac *<\/td>\n<\/tr>\n<tr class=\"row-18\">\n\t<td colspan=\"5\" class=\"column-1\">* = Die Preise f\u00fcr die Ferienwohnungen variieren je nach Anzahl der Personen und\/oder mitgebrachte Haustiere. Kontaktieren Sie uns und wir senden Ihnen umgehend ein pers\u00f6nliches Angebot zu!<\/td>\n<\/tr>\n<\/tbody>\n<\/table>\n<!-- #tablepress-1 from cache --><\/div>\n\t\t\t\t<\/div>\n\t\t\t\t<\/div>\n\t\t\t\t<div class=\"elementor-element elementor-element-f91697d elementor-widget elementor-widget-text-editor\" data-id=\"f91697d\" data-element_type=\"widget\" data-widget_type=\"text-editor.default\">\n\t\t\t\t<div class=\"elementor-widget-container\">\n\t\t\t\t\t\t\t<p>Die Preise gelten f\u00fcr 2 Personen in den Ferienwohnungen, die Preise\u00a0f\u00fcr ein\u00a0Doppelzimmer gelten\u00a0pro Person und Tag, <strong>ab einen Mindestaufenthalt von\u00a0drei Tagen. <\/strong>Bis zu drei N\u00e4chten berechnen wir einen Aufschlag von 5,00 Euro pro Person, im Einzelzimmer berechnen wir 10,00 Euro Aufschlag.<\/p><p>Kinder bis 1 Jahr frei, von 1 Jahr bis einschlie\u00dflich\u00a05 Jahren bezahlen: 7 Euro<br \/>Kinder von\u00a06 bis einschlie\u00dflich 12 Jahren bezahlen: 10 Euro<br \/>F\u00fcr jede weitere Person (ab 13 Jahren) in den Ferienwohnungen 15,00 Euro. Leerbettgeb\u00fchr f\u00fcr die Ferienwohnung St. Martin und St. Sebastian betr\u00e4gt 10,00 Euro.<\/p><p>Hunde sind nach Absprache erlaubt, wir erlauben uns je nach Gr\u00f6\u00dfe max.\u00a010,00 \u00a0Euro\/Tag ohne Futter zu berechnen.<\/p><p>Die Begleichung der Rechnung erfolgt in bar oder vorab mittels Bank\u00fcberweisung \u2013 Bezahlung mit Bankomat, Kreditkarte oder Reiseschecks ist leider nicht m\u00f6glich.<\/p><p>Am Anreisetag ist die Ferienwohnung ab 13.00 Uhr (am Sonntag ab 17 Uhr) bezugsfertig. Am Abreisetag bitten wir Sie die Ferienwohnung bis 9.30 Uhr freizugeben.<\/p><p>Der angebotene Buchungspreis ist der Endpreis f\u00fcr die Ferienwohnung, d.h. auf diesem Preis kann keine\u00a0Erm\u00e4\u00dfigung mehr\u00a0gew\u00e4hrt werden.\u00a0 Eventuelle Erm\u00e4\u00dfigungen durch Alpenvereinsausweise m\u00fcssen bereits bei der Buchungsanfrage beantragt werden.<\/p><p>Gerne unterbreiten wir Ihnen unser bestes Angebot!<\/p>\t\t\t\t\t\t<\/div>\n\t\t\t\t<\/div>\n\t\t\t\t<div class=\"elementor-element elementor-element-df210ab elementor-widget elementor-widget-heading\" data-id=\"df210ab\" data-element_type=\"widget\" data-widget_type=\"heading.default\">\n\t\t\t\t<div class=\"elementor-widget-container\">\n\t\t\t<h4 class=\"elementor-heading-title elementor-size-default\">Ortstaxe<\/h4>\t\t<\/div>\n\t\t\t\t<\/div>\n\t\t\t\t<div class=\"elementor-element elementor-element-2630c79 elementor-widget elementor-widget-text-editor\" data-id=\"2630c79\" data-element_type=\"widget\" data-widget_type=\"text-editor.default\">\n\t\t\t\t<div class=\"elementor-widget-container\">\n\t\t\t\t\t\t\t<p>Die Ortstaxe ist bei Abreise f\u00e4llig und ist in der Rechnung gesondert ausgewiesen.<br \/>Diese betr\u00e4gt ab 2018 Euro 1,75 pro Person (ab 14 Jahre) und Nacht.<\/p>\t\t\t\t\t\t<\/div>\n\t\t\t\t<\/div>\n\t\t\t\t<div class=\"elementor-element elementor-element-271635b elementor-widget elementor-widget-heading\" data-id=\"271635b\" data-element_type=\"widget\" data-widget_type=\"heading.default\">\n\t\t\t\t<div class=\"elementor-widget-container\">\n\t\t\t<h4 class=\"elementor-heading-title elementor-size-default\">Inklusivleistungen<\/h4>\t\t<\/div>\n\t\t\t\t<\/div>\n\t\t\t\t<div class=\"elementor-element elementor-element-6e1c18e elementor-widget elementor-widget-text-editor\" data-id=\"6e1c18e\" data-element_type=\"widget\" data-widget_type=\"text-editor.default\">\n\t\t\t\t<div class=\"elementor-widget-container\">\n\t\t\t\t\t\t\t<ul><li>W\u00e4sche f\u00fcr Zimmer, Bad und K\u00fcche<\/li><li>K\u00fcchenausstattung<\/li><li>Sp\u00fclmaschine, Kaffemaschine, Wasserkocher, Toaster<\/li><li>Privater Balkon<\/li><li>SAT\/TV\/Radio<\/li><li>Seife<\/li><li>F\u00f6hn<\/li><li>Garten\/Liegewiese, Grill- und Spielplatz (Trampolin, Schaukel, Rutsche, Wippe)<\/li><li>Kneipp-Pfad<\/li><li>Kinderausstattung (Kinderbett, Hochstuhl, Wickelauflage)<\/li><li>Parkplatz<\/li><li>kleine Hofbibliothek, viele Gesellschaftsspiele<\/li><li>G\u00e4steraum mit Kaminofen und Teek\u00fcche<\/li><li>Ski- und Schuhtrockenraum, Filzpantoffeln<\/li><li>Rodel, Schneeschuhe, Wanderst\u00f6cke<\/li><li>Kr\u00e4utergarten<\/li><li>Streichel- und Kleintiere<\/li><li>Infrarotkabine<\/li><li>Endreinigung<\/li><li>Internetzugang<\/li><li>t\u00e4glicher Zimmerservice<\/li><li>gratis Abholdienst bei An- und Abreise mit Zug oder Bus<\/li><li>kleines Abschiedsgeschenk, bei einem Aufenthalt von min. 3 Tagen<\/li><\/ul>\t\t\t\t\t\t<\/div>\n\t\t\t\t<\/div>\n\t\t\t\t<div class=\"elementor-element elementor-element-2bb8b38 elementor-widget elementor-widget-heading\" data-id=\"2bb8b38\" data-element_type=\"widget\" data-widget_type=\"heading.default\">\n\t\t\t\t<div class=\"elementor-widget-container\">\n\t\t\t<h4 class=\"elementor-heading-title elementor-size-default\">Zusatzleistungen<\/h4>\t\t<\/div>\n\t\t\t\t<\/div>\n\t\t\t\t<div class=\"elementor-element elementor-element-b57e10f elementor-widget elementor-widget-text-editor\" data-id=\"b57e10f\" data-element_type=\"widget\" data-widget_type=\"text-editor.default\">\n\t\t\t\t<div class=\"elementor-widget-container\">\n\t\t\t\t\t\t\t<ul><li>Reichhaltiges Bauernfr\u00fchst\u00fcck bei Ferienwohnung,<br \/>ganz wie Sie w\u00fcnschen (Genie\u00dferfr\u00fchst\u00fcck am Kaminofen oder auf dem Tablet in die Ferienwohnung)<\/li><li>Z\u00fcnftige Bauernmarende<\/li><li>Pauschale f\u00fcr 1 x mal w\u00f6chentlich Kochen von traditionellen b\u00e4uerlichen\u00a0Tiroler Gerichten (Speckkn\u00f6del, Marillenkn\u00f6del, Kaiserschmarrn,) kostenlos sind: Apfelbrot, Apfelstrudel, Apfelkiachl, Schneemilch, Nussbrot, Muspfanne..)<\/li><li>Lunchpaket<\/li><li>Mitbringen von Haustieren auf Anfrage (je nach Gr\u00f6\u00dfe)<\/li><li>Private W\u00e4sche waschen<\/li><li>Zwischenreinigung der Ferienwohnung<\/li><\/ul>\t\t\t\t\t\t<\/div>\n\t\t\t\t<\/div>\n\t\t\t\t\t<\/div>\n\t\t<\/div>\n\t\t\t\t\t<\/div>\n\t\t<\/section>\n\t\t\t\t<\/div>\n\t\t","protected":false},"excerpt":{"rendered":"<p>Die Preise gelten f\u00fcr 2 Personen in den Ferienwohnungen, die Preise\u00a0f\u00fcr ein\u00a0Doppelzimmer gelten\u00a0pro Person und Tag, ab einen Mindestaufenthalt von\u00a0drei Tagen. Bis zu drei N\u00e4chten berechnen wir einen Aufschlag von 5,00 Euro pro Person, im Einzelzimmer berechnen wir 10,00 Euro Aufschlag. Kinder bis 1 Jahr frei, von 1 Jahr bis einschlie\u00dflich\u00a05 Jahren bezahlen: 7 EuroKinder [&hellip;]<\/p>\n","protected":false},"author":1,"featured_media":0,"parent":0,"menu_order":0,"comment_status":"closed","ping_status":"closed","template":"elementor_header_footer","meta":{"footnotes":""},"class_list":["post-246","page","type-page","status-publish","hentry"],"_links":{"self":[{"href":"https:\/\/www.thaler-online.com\/ig-new\/wp-json\/wp\/v2\/pages\/246","targetHints":{"allow":["GET"]}}],"collection":[{"href":"https:\/\/www.thaler-online.com\/ig-new\/wp-json\/wp\/v2\/pages"}],"about":[{"href":"https:\/\/www.thaler-online.com\/ig-new\/wp-json\/wp\/v2\/types\/page"}],"author":[{"embeddable":true,"href":"https:\/\/www.thaler-online.com\/ig-new\/wp-json\/wp\/v2\/users\/1"}],"replies":[{"embeddable":true,"href":"https:\/\/www.thaler-online.com\/ig-new\/wp-json\/wp\/v2\/comments?post=246"}],"version-history":[{"count":10,"href":"https:\/\/www.thaler-online.com\/ig-new\/wp-json\/wp\/v2\/pages\/246\/revisions"}],"predecessor-version":[{"id":288,"href":"https:\/\/www.thaler-online.com\/ig-new\/wp-json\/wp\/v2\/pages\/246\/revisions\/288"}],"wp:attachment":[{"href":"https:\/\/www.thaler-online.com\/ig-new\/wp-json\/wp\/v2\/media?parent=246"}],"curies":[{"name":"wp","href":"https:\/\/api.w.org\/{rel}","templated":true}]}}