{"id":598,"date":"2020-05-25T14:13:34","date_gmt":"2020-05-25T14:13:34","guid":{"rendered":"https:\/\/www.thaler-online.com\/ig-new\/?page_id=598"},"modified":"2020-05-25T14:26:40","modified_gmt":"2020-05-25T14:26:40","slug":"erlebnis-berg","status":"publish","type":"page","link":"https:\/\/www.thaler-online.com\/ig-new\/erlebnis-berg\/","title":{"rendered":"Erlebnis Berg"},"content":{"rendered":"\t\t<div data-elementor-type=\"wp-page\" data-elementor-id=\"598\" class=\"elementor elementor-598\">\n\t\t\t\t\t\t<section class=\"elementor-section elementor-top-section elementor-element elementor-element-2cdb5ba1 elementor-section-full_width elementor-section-height-default elementor-section-height-default\" data-id=\"2cdb5ba1\" data-element_type=\"section\">\n\t\t\t\t\t\t<div class=\"elementor-container elementor-column-gap-default\">\n\t\t\t\t\t<div class=\"elementor-column elementor-col-100 elementor-top-column elementor-element elementor-element-24f1a6b9\" data-id=\"24f1a6b9\" data-element_type=\"column\">\n\t\t\t<div class=\"elementor-widget-wrap elementor-element-populated\">\n\t\t\t\t\r\n\r\n\t\t<div class=\"elementor-element elementor-element-4b39da3 elementor-widget elementor-widget-image-carousel\" data-id=\"4b39da3\" data-element_type=\"widget\" data-settings=\"{&quot;slides_to_show&quot;:&quot;1&quot;,&quot;navigation&quot;:&quot;none&quot;,&quot;autoplay&quot;:&quot;yes&quot;,&quot;pause_on_hover&quot;:&quot;yes&quot;,&quot;pause_on_interaction&quot;:&quot;yes&quot;,&quot;autoplay_speed&quot;:5000,&quot;infinite&quot;:&quot;yes&quot;,&quot;effect&quot;:&quot;slide&quot;,&quot;speed&quot;:500}\" data-widget_type=\"image-carousel.default\">\n\t\t\t\t<div class=\"elementor-widget-container\">\n\t\t\t\t\t<div class=\"elementor-image-carousel-wrapper swiper\" dir=\"ltr\">\n\t\t\t<div class=\"elementor-image-carousel swiper-wrapper swiper-image-stretch\" aria-live=\"off\">\n\t\t\t\t\t\t\t\t<div class=\"swiper-slide\" role=\"group\" aria-roledescription=\"slide\" aria-label=\"1 von 7\"><figure class=\"swiper-slide-inner\"><img decoding=\"async\" class=\"swiper-slide-image\" src=\"https:\/\/www.thaler-online.com\/ig-new\/wp-content\/uploads\/2020\/05\/Waalweg-F.-Blickle-1.jpg\" alt=\"Waalweg - F. Blickle (1)\" \/><\/figure><\/div><div class=\"swiper-slide\" role=\"group\" aria-roledescription=\"slide\" aria-label=\"2 von 7\"><figure class=\"swiper-slide-inner\"><img decoding=\"async\" class=\"swiper-slide-image\" src=\"https:\/\/www.thaler-online.com\/ig-new\/wp-content\/uploads\/2020\/05\/Wandern-F.-Blickle.jpg\" alt=\"Wandern - F. Blickle\" \/><\/figure><\/div><div class=\"swiper-slide\" role=\"group\" aria-roledescription=\"slide\" aria-label=\"3 von 7\"><figure class=\"swiper-slide-inner\"><img decoding=\"async\" class=\"swiper-slide-image\" src=\"https:\/\/www.thaler-online.com\/ig-new\/wp-content\/uploads\/2020\/05\/P1000702.jpg\" alt=\"P1000702\" \/><\/figure><\/div><div class=\"swiper-slide\" role=\"group\" aria-roledescription=\"slide\" aria-label=\"4 von 7\"><figure class=\"swiper-slide-inner\"><img decoding=\"async\" class=\"swiper-slide-image\" src=\"https:\/\/www.thaler-online.com\/ig-new\/wp-content\/uploads\/2020\/05\/P1000698.jpg\" alt=\"P1000698\" \/><\/figure><\/div><div class=\"swiper-slide\" role=\"group\" aria-roledescription=\"slide\" aria-label=\"5 von 7\"><figure class=\"swiper-slide-inner\"><img decoding=\"async\" class=\"swiper-slide-image\" src=\"https:\/\/www.thaler-online.com\/ig-new\/wp-content\/uploads\/2020\/05\/Litzerspitze-069.jpg\" alt=\"Litzerspitze 069\" \/><\/figure><\/div><div class=\"swiper-slide\" role=\"group\" aria-roledescription=\"slide\" aria-label=\"6 von 7\"><figure class=\"swiper-slide-inner\"><img decoding=\"async\" class=\"swiper-slide-image\" src=\"https:\/\/www.thaler-online.com\/ig-new\/wp-content\/uploads\/2020\/05\/Vinschgau-Marketing_Frieder-Blickle-2.jpg\" alt=\"Vinschgau Marketing_Frieder Blickle (2)\" \/><\/figure><\/div><div class=\"swiper-slide\" role=\"group\" aria-roledescription=\"slide\" aria-label=\"7 von 7\"><figure class=\"swiper-slide-inner\"><img decoding=\"async\" class=\"swiper-slide-image\" src=\"https:\/\/www.thaler-online.com\/ig-new\/wp-content\/uploads\/2020\/05\/Vinschgau-Marketing_Frieder-Blickle-1.jpg\" alt=\"Vinschgau Marketing_Frieder Blickle (1)\" \/><\/figure><\/div>\t\t\t<\/div>\n\t\t\t\t\t\t\t\n\t\t\t\t\t\t\t\t\t<\/div>\n\t\t\t\t<\/div>\n\t\t\t\t<\/div>\n\t\t\t\t\t<\/div>\n\t\t<\/div>\n\t\t\t\t\t<\/div>\n\t\t<\/section>\n\t\t\t\t<section class=\"elementor-section elementor-top-section elementor-element elementor-element-2c1af3cd elementor-section-boxed elementor-section-height-default elementor-section-height-default\" data-id=\"2c1af3cd\" data-element_type=\"section\">\n\t\t\t\t\t\t<div class=\"elementor-container elementor-column-gap-default\">\n\t\t\t\t\t<div class=\"elementor-column elementor-col-66 elementor-top-column elementor-element elementor-element-646156a5\" data-id=\"646156a5\" data-element_type=\"column\">\n\t\t\t<div class=\"elementor-widget-wrap elementor-element-populated\">\n\t\t\t\t\t\t<div class=\"elementor-element elementor-element-7efb33b9 elementor-widget elementor-widget-heading\" data-id=\"7efb33b9\" data-element_type=\"widget\" data-widget_type=\"heading.default\">\n\t\t\t\t<div class=\"elementor-widget-container\">\n\t\t\t<h2 class=\"elementor-heading-title elementor-size-default\">Erlebnis Berg<\/h2>\t\t<\/div>\n\t\t\t\t<\/div>\n\t\t\t\t<div class=\"elementor-element elementor-element-3424ac9 elementor-widget elementor-widget-text-editor\" data-id=\"3424ac9\" data-element_type=\"widget\" data-widget_type=\"text-editor.default\">\n\t\t\t\t<div class=\"elementor-widget-container\">\n\t\t\t\t\t\t\t<h5>Wandern im Matschertal \u2013 das ganze Jahr ein Genuss<\/h5><p><strong>Das Matschertal, ein Wanderparadies<\/strong>\u00a0im <strong>Oberen Vinschgau,<\/strong> ist eines der unber\u00fchrtesten Seitent\u00e4ler S\u00fcdtirols.\u00a0In diesem sonnigen Hochtal des <strong>Oberen Vinschgaus<\/strong> finden alle Natur- und Bergfreunde eine intakte, urige Naturlandschaft. Keine Hektik, kein Verkehr \u2013 nur Ruhe, Natur und Stille, einfach\u00a0zum Verweilen und Genie\u00dfen. Die einmalige Hoflage des <strong>Inner-Glieshofs<\/strong> schenkt Ihnen einen atemberaubenden Blick auf 15 Dreitausender der s\u00fcdlichen \u00d6tztaler Alpen. Alle Wanderwege sind im Matschertal bestens markiert.<\/p><p>Nach einem gelungenen Start in den Tag mit einem gesunden Bauernfr\u00fchst\u00fcck mit unseren Hofk\u00f6stlichkeiten empfehlen wir Ihnen\u00a0eine Wanderung zum <strong>Upiasee<\/strong> oder zu den\u00a0nahegelegenen Almen. F\u00fcr\u00a0Anspruchsvolle empfehlen wir eine Bergtour zu den <strong>Saldurseen, den sch\u00f6nsten und h\u00f6chstgelegenen Gletscherseen S\u00fcdtirols,<\/strong>\u00a0oder einen Gipfel der 15 Dreitausender, die das <strong>Matschertal<\/strong> umgeben. F\u00fcr Abenteuerlustige, die auf dem <strong>Vinschger H\u00f6henweg<\/strong> vom Reschen bis Schloss Juval\u00a0den Vinschgau erwandern wollen, bieten wir eine komfortable \u00dcbernachtungsm\u00f6glichkeit mit herzhafter St\u00e4rkung.<\/p>\t\t\t\t\t\t<\/div>\n\t\t\t\t<\/div>\n\t\t\t\t<div class=\"elementor-element elementor-element-122c01d elementor-widget elementor-widget-heading\" data-id=\"122c01d\" data-element_type=\"widget\" data-widget_type=\"heading.default\">\n\t\t\t\t<div class=\"elementor-widget-container\">\n\t\t\t<h2 class=\"elementor-heading-title elementor-size-default\">Matsch ist erstes Bergsteigerdorf S\u00fcdtirols!<\/h2>\t\t<\/div>\n\t\t\t\t<\/div>\n\t\t\t\t<div class=\"elementor-element elementor-element-dcd0a17 elementor-widget elementor-widget-text-editor\" data-id=\"dcd0a17\" data-element_type=\"widget\" data-widget_type=\"text-editor.default\">\n\t\t\t\t<div class=\"elementor-widget-container\">\n\t\t\t\t\t\t\t<h5>Als spezialisierter Wanderbauernhof und Bergsteigerdorf-Partnerbetrieb haben Sie bei uns folgende Vorteile:<\/h5><ul><li>kostenloser Verleih von Wanderst\u00f6cken, Regenschutz, und Rucks\u00e4cken<\/li><li>schmackhaftes Lunchpaket f\u00fcr unterwegs<\/li><li>einmal die Woche eine gef\u00fchrte Wanderung<\/li><li>Fr\u00fchst\u00fcck ab 5 Uhr fr\u00fch<\/li><li>ein ausgezeichnetes Bauernfr\u00fchst\u00fcck mit unseren gesunden Hofprodukten, wie Frischrahmbutter, Alpenrosenhonig, frisches Bauernbrot, Milch, Joghurt, frische Eier, Bergk\u00e4se, Fruchtaufstriche und S\u00e4fte, w\u00fcrzige Bauernsalami, R\u00e4ucherfleisch, \u2026<\/li><li>Trockenraum f\u00fcr Schi- und Wanderschuhe und Wanderausr\u00fcstung<\/li><li>G\u00e4ste sind auch f\u00fcr eine Nacht willkommen<\/li><li>gro\u00dfe Auswahl an Fachliteratur \u00fcber unser Wandergebiet und Wanderkarten,<\/li><li>aktueller Wetterbericht<\/li><li>f\u00fcr anspruchsvolle Berg- oder Skitouren organisieren wir einen gepr\u00fcften Berg- und Tourenf\u00fchrer<\/li><li>viele erlebnisreiche Wandervorschl\u00e4ge vom Matschertal und Umgebung.<\/li><li>Als Mitglied eines Alpinen Vereins DAV, \u00d6AV, AVS, PZS erhalten Sie 10 Prozent Erm\u00e4\u00dfigung auf das Standardangebot (\u00dcbernachtung mit Fr\u00fchst\u00fcck, Ferienwohnung).<\/li><li>Eventuelle Erm\u00e4\u00dfigungen durch Alpenvereinsausweise m\u00fcssen bereits bei der Buchungsanfrage beantragt werden.<\/li><\/ul>\t\t\t\t\t\t<\/div>\n\t\t\t\t<\/div>\n\t\t\t\t<div class=\"elementor-element elementor-element-112bca5 elementor-widget elementor-widget-heading\" data-id=\"112bca5\" data-element_type=\"widget\" data-widget_type=\"heading.default\">\n\t\t\t\t<div class=\"elementor-widget-container\">\n\t\t\t<h2 class=\"elementor-heading-title elementor-size-default\">Tourenvorschl\u00e4ge online<\/h2>\t\t<\/div>\n\t\t\t\t<\/div>\n\t\t\t\t<div class=\"elementor-element elementor-element-640da6f elementor-widget elementor-widget-text-editor\" data-id=\"640da6f\" data-element_type=\"widget\" data-widget_type=\"text-editor.default\">\n\t\t\t\t<div class=\"elementor-widget-container\">\n\t\t\t\t\t\t\t<p><iframe style=\"width: 100%; height: 600px;\" src=\"https:\/\/maps.vinschgau.net\/\"><\/iframe><\/p>\t\t\t\t\t\t<\/div>\n\t\t\t\t<\/div>\n\t\t\t\t<div class=\"elementor-element elementor-element-38b3882 elementor-widget elementor-widget-heading\" data-id=\"38b3882\" data-element_type=\"widget\" data-widget_type=\"heading.default\">\n\t\t\t\t<div class=\"elementor-widget-container\">\n\t\t\t<h2 class=\"elementor-heading-title elementor-size-default\">Tourenvorschl\u00e4ge \u2013 externe Links<\/h2>\t\t<\/div>\n\t\t\t\t<\/div>\n\t\t\t\t<div class=\"elementor-element elementor-element-e1a4150 elementor-widget elementor-widget-text-editor\" data-id=\"e1a4150\" data-element_type=\"widget\" data-widget_type=\"text-editor.default\">\n\t\t\t\t<div class=\"elementor-widget-container\">\n\t\t\t\t\t\t\t<p><a href=\"http:\/\/www.sentres.com\">http:\/\/sentres.com<\/a> Geben Sie im Suchfeld rechts oben \u201eMatsch\u201c ein und Sie finden zahlreiche Wandervorschl\u00e4ge f\u00fcrs Matschertal!<br \/><a href=\"http:\/\/maps.vinschgau.net\">http:\/\/maps.vinschgau.net<\/a><br \/><a href=\"http:\/\/www.vinschgau.net\/de\/bewegung-natur\/bewegung-im-sommer\/vinschger-hoehenweg.html\" target=\"_blank\" rel=\"noopener noreferrer\">Der Vinschger H\u00f6henweg<\/a><\/p>\t\t\t\t\t\t<\/div>\n\t\t\t\t<\/div>\n\t\t\t\t<div class=\"elementor-element elementor-element-a8b1a43 elementor-widget elementor-widget-heading\" data-id=\"a8b1a43\" data-element_type=\"widget\" data-widget_type=\"heading.default\">\n\t\t\t\t<div class=\"elementor-widget-container\">\n\t\t\t<h2 class=\"elementor-heading-title elementor-size-default\">Videos<\/h2>\t\t<\/div>\n\t\t\t\t<\/div>\n\t\t\t\t<section class=\"elementor-section elementor-inner-section elementor-element elementor-element-290610b elementor-section-boxed elementor-section-height-default elementor-section-height-default\" data-id=\"290610b\" data-element_type=\"section\">\n\t\t\t\t\t\t<div class=\"elementor-container elementor-column-gap-default\">\n\t\t\t\t\t<div class=\"elementor-column elementor-col-50 elementor-inner-column elementor-element elementor-element-9948ae5\" data-id=\"9948ae5\" data-element_type=\"column\">\n\t\t\t<div class=\"elementor-widget-wrap elementor-element-populated\">\n\t\t\t\t\t\t\t<\/div>\n\t\t<\/div>\n\t\t\t\t<div class=\"elementor-column elementor-col-50 elementor-inner-column elementor-element elementor-element-d31d966\" data-id=\"d31d966\" data-element_type=\"column\">\n\t\t\t<div class=\"elementor-widget-wrap\">\n\t\t\t\t\t\t\t<\/div>\n\t\t<\/div>\n\t\t\t\t\t<\/div>\n\t\t<\/section>\n\t\t\t\t\t<\/div>\n\t\t<\/div>\n\t\t\t\t<div class=\"elementor-column elementor-col-33 elementor-top-column elementor-element elementor-element-5f9e0b62\" data-id=\"5f9e0b62\" data-element_type=\"column\">\n\t\t\t<div class=\"elementor-widget-wrap elementor-element-populated\">\n\t\t\t\t\t\t<div class=\"elementor-element elementor-element-3512860 elementor-widget elementor-widget-global elementor-global-386 elementor-widget-heading\" data-id=\"3512860\" data-element_type=\"widget\" data-widget_type=\"heading.default\">\n\t\t\t\t<div class=\"elementor-widget-container\">\n\t\t\t<span class=\"elementor-heading-title elementor-size-medium\">News<\/span>\t\t<\/div>\n\t\t\t\t<\/div>\n\t\t\t\t<div class=\"elementor-element elementor-element-d4641b7 elementor-widget elementor-widget-global elementor-global-241 elementor-widget-wp-widget-wp-forecast\" data-id=\"d4641b7\" data-element_type=\"widget\" data-widget_type=\"wp-widget-wp-forecast.default\">\n\t\t\t\t<div class=\"elementor-widget-container\">\n\t\t\t<h5>Wetter<\/h5><div id=\"wp-forecastA\" class=\"wp-forecast\">\n<div class=\"wp-forecast-curr\">\n<div class=\"wp-forecast-curr-head\"><div><\/div>\n<\/div>\n<div class=\"wp-forecast-curr-block\"><div class='wp-forecast-curr-left'><br \/><\/div><div class='wp-forecast-curr-right'><div><\/div><\/div>\n<\/div>\n<div class=\"wp-forecast-curr-details\"><\/div>\n<\/div>\n<div class=\"wp-forecast-fc\">\n<\/div>\n<\/div>\n<div style=\"clear:inherit;\">&nbsp;<\/div>\t\t<\/div>\n\t\t\t\t<\/div>\n\t\t\t\t<div class=\"elementor-element elementor-element-a1a75e2 elementor-grid-1 elementor-grid-tablet-2 elementor-grid-mobile-1 elementor-posts--thumbnail-top elementor-widget elementor-widget-global elementor-global-499 elementor-widget-posts\" data-id=\"a1a75e2\" data-element_type=\"widget\" data-settings=\"{&quot;classic_columns&quot;:&quot;1&quot;,&quot;classic_row_gap&quot;:{&quot;unit&quot;:&quot;px&quot;,&quot;size&quot;:20,&quot;sizes&quot;:[]},&quot;classic_columns_tablet&quot;:&quot;2&quot;,&quot;classic_columns_mobile&quot;:&quot;1&quot;}\" data-widget_type=\"posts.classic\">\n\t\t\t\t<div class=\"elementor-widget-container\">\n\t\t\t\t\t<div class=\"elementor-posts-container elementor-posts elementor-posts--skin-classic elementor-grid\">\n\t\t\t\t<article class=\"elementor-post elementor-grid-item post-377 post type-post status-publish format-standard has-post-thumbnail hentry category-uncategorized\">\n\t\t\t\t<a class=\"elementor-post__thumbnail__link\" href=\"https:\/\/www.thaler-online.com\/ig-new\/2020\/03\/30\/roter-hahn\/\" >\n\t\t\t<div class=\"elementor-post__thumbnail\"><img decoding=\"async\" width=\"80\" height=\"60\" src=\"https:\/\/www.thaler-online.com\/ig-new\/wp-content\/uploads\/2020\/03\/news-img.png\" class=\"attachment-thumbnail size-thumbnail wp-image-378\" alt=\"\" \/><\/div>\n\t\t<\/a>\n\t\t\t\t<div class=\"elementor-post__text\">\n\t\t\t\t<h3 class=\"elementor-post__title\">\n\t\t\t<a href=\"https:\/\/www.thaler-online.com\/ig-new\/2020\/03\/30\/roter-hahn\/\" >\n\t\t\t\tTest 2\t\t\t<\/a>\n\t\t<\/h3>\n\t\t\t\t<\/div>\n\t\t\t\t<\/article>\n\t\t\t\t<article class=\"elementor-post elementor-grid-item post-1 post type-post status-publish format-standard hentry category-uncategorized\">\n\t\t\t\t<div class=\"elementor-post__text\">\n\t\t\t\t<h3 class=\"elementor-post__title\">\n\t\t\t<a href=\"https:\/\/www.thaler-online.com\/ig-new\/2020\/03\/16\/hello-world\/\" >\n\t\t\t\tHello world!\t\t\t<\/a>\n\t\t<\/h3>\n\t\t\t\t<\/div>\n\t\t\t\t<\/article>\n\t\t\t\t<\/div>\n\t\t\t\t<\/div>\n\t\t\t\t<\/div>\n\t\t\t\t\t<\/div>\n\t\t<\/div>\n\t\t\t\t\t<\/div>\n\t\t<\/section>\n\t\t\t\t<\/div>\n\t\t","protected":false},"excerpt":{"rendered":"<p>Erlebnis Berg Wandern im Matschertal \u2013 das ganze Jahr ein Genuss Das Matschertal, ein Wanderparadies\u00a0im Oberen Vinschgau, ist eines der unber\u00fchrtesten Seitent\u00e4ler S\u00fcdtirols.\u00a0In diesem sonnigen<\/p>\n","protected":false},"author":1,"featured_media":0,"parent":0,"menu_order":0,"comment_status":"closed","ping_status":"closed","template":"elementor_header_footer","meta":{"footnotes":""},"class_list":["post-598","page","type-page","status-publish","hentry"],"_links":{"self":[{"href":"https:\/\/www.thaler-online.com\/ig-new\/wp-json\/wp\/v2\/pages\/598","targetHints":{"allow":["GET"]}}],"collection":[{"href":"https:\/\/www.thaler-online.com\/ig-new\/wp-json\/wp\/v2\/pages"}],"about":[{"href":"https:\/\/www.thaler-online.com\/ig-new\/wp-json\/wp\/v2\/types\/page"}],"author":[{"embeddable":true,"href":"https:\/\/www.thaler-online.com\/ig-new\/wp-json\/wp\/v2\/users\/1"}],"replies":[{"embeddable":true,"href":"https:\/\/www.thaler-online.com\/ig-new\/wp-json\/wp\/v2\/comments?post=598"}],"version-history":[{"count":3,"href":"https:\/\/www.thaler-online.com\/ig-new\/wp-json\/wp\/v2\/pages\/598\/revisions"}],"predecessor-version":[{"id":609,"href":"https:\/\/www.thaler-online.com\/ig-new\/wp-json\/wp\/v2\/pages\/598\/revisions\/609"}],"wp:attachment":[{"href":"https:\/\/www.thaler-online.com\/ig-new\/wp-json\/wp\/v2\/media?parent=598"}],"curies":[{"name":"wp","href":"https:\/\/api.w.org\/{rel}","templated":true}]}}