{"id":6,"date":"2020-03-16T20:23:36","date_gmt":"2020-03-16T20:23:36","guid":{"rendered":"https:\/\/www.thaler-online.com\/ig-new\/?page_id=6"},"modified":"2020-06-07T07:27:41","modified_gmt":"2020-06-07T07:27:41","slug":"elementor-6","status":"publish","type":"page","link":"https:\/\/www.thaler-online.com\/ig-new\/","title":{"rendered":"Startseite"},"content":{"rendered":"\t\t<div data-elementor-type=\"wp-post\" data-elementor-id=\"6\" class=\"elementor elementor-6\">\n\t\t\t\t\t\t<section class=\"elementor-section elementor-top-section elementor-element elementor-element-2e6de91 elementor-section-height-min-height elementor-section-full_width elementor-section-height-default elementor-section-items-middle\" data-id=\"2e6de91\" data-element_type=\"section\" data-settings=\"{&quot;background_background&quot;:&quot;classic&quot;}\">\n\t\t\t\t\t\t<div class=\"elementor-container elementor-column-gap-extended\">\n\t\t\t\t\t<div class=\"elementor-column elementor-col-100 elementor-top-column elementor-element elementor-element-0659255\" data-id=\"0659255\" data-element_type=\"column\">\n\t\t\t<div class=\"elementor-widget-wrap elementor-element-populated\">\n\t\t\t\t\r\n\r\n\t\t<div class=\"elementor-element elementor-element-53b8372 elementor-widget elementor-widget-image-carousel\" data-id=\"53b8372\" data-element_type=\"widget\" data-settings=\"{&quot;slides_to_show&quot;:&quot;1&quot;,&quot;navigation&quot;:&quot;none&quot;,&quot;autoplay&quot;:&quot;yes&quot;,&quot;pause_on_hover&quot;:&quot;yes&quot;,&quot;pause_on_interaction&quot;:&quot;yes&quot;,&quot;autoplay_speed&quot;:5000,&quot;infinite&quot;:&quot;yes&quot;,&quot;effect&quot;:&quot;slide&quot;,&quot;speed&quot;:500}\" data-widget_type=\"image-carousel.default\">\n\t\t\t\t<div class=\"elementor-widget-container\">\n\t\t\t\t\t<div class=\"elementor-image-carousel-wrapper swiper\" dir=\"ltr\">\n\t\t\t<div class=\"elementor-image-carousel swiper-wrapper swiper-image-stretch\" aria-live=\"off\">\n\t\t\t\t\t\t\t\t<div class=\"swiper-slide\" role=\"group\" aria-roledescription=\"slide\" aria-label=\"1 von 5\"><figure class=\"swiper-slide-inner\"><img decoding=\"async\" class=\"swiper-slide-image\" src=\"https:\/\/www.thaler-online.com\/ig-new\/wp-content\/uploads\/2020\/03\/Tiere_DSC3971-Kopie.jpg\" alt=\"Tiere_DSC3971 Kopie\" \/><\/figure><\/div><div class=\"swiper-slide\" role=\"group\" aria-roledescription=\"slide\" aria-label=\"2 von 5\"><figure class=\"swiper-slide-inner\"><img decoding=\"async\" class=\"swiper-slide-image\" src=\"https:\/\/www.thaler-online.com\/ig-new\/wp-content\/uploads\/2020\/03\/innerglieshof_kirche_DSC7541-Kopie.jpg\" alt=\"innerglieshof_kirche_DSC7541 Kopie\" \/><\/figure><\/div><div class=\"swiper-slide\" role=\"group\" aria-roledescription=\"slide\" aria-label=\"3 von 5\"><figure class=\"swiper-slide-inner\"><img decoding=\"async\" class=\"swiper-slide-image\" src=\"https:\/\/www.thaler-online.com\/ig-new\/wp-content\/uploads\/2020\/03\/innerglieshof_DSC7514-Kopie.jpg\" alt=\"innerglieshof_DSC7514 Kopie\" \/><\/figure><\/div><div class=\"swiper-slide\" role=\"group\" aria-roledescription=\"slide\" aria-label=\"4 von 5\"><figure class=\"swiper-slide-inner\"><img decoding=\"async\" class=\"swiper-slide-image\" src=\"https:\/\/www.thaler-online.com\/ig-new\/wp-content\/uploads\/2020\/03\/Blumen_DSC2793-Kopie.jpg\" alt=\"Blumen_DSC2793 Kopie\" \/><\/figure><\/div><div class=\"swiper-slide\" role=\"group\" aria-roledescription=\"slide\" aria-label=\"5 von 5\"><figure class=\"swiper-slide-inner\"><img decoding=\"async\" class=\"swiper-slide-image\" src=\"https:\/\/www.thaler-online.com\/ig-new\/wp-content\/uploads\/2020\/03\/innerglieshof_DSC7444-Kopie.jpg\" alt=\"innerglieshof_DSC7444 Kopie\" \/><\/figure><\/div>\t\t\t<\/div>\n\t\t\t\t\t\t\t\n\t\t\t\t\t\t\t\t\t<\/div>\n\t\t\t\t<\/div>\n\t\t\t\t<\/div>\n\t\t\t\t\t<\/div>\n\t\t<\/div>\n\t\t\t\t\t<\/div>\n\t\t<\/section>\n\t\t\t\t<section class=\"elementor-section elementor-top-section elementor-element elementor-element-d04c91b elementor-section-boxed elementor-section-height-default elementor-section-height-default\" data-id=\"d04c91b\" data-element_type=\"section\">\n\t\t\t\t\t\t<div class=\"elementor-container elementor-column-gap-default\">\n\t\t\t\t\t<div class=\"elementor-column elementor-col-66 elementor-top-column elementor-element elementor-element-02f4ae2\" data-id=\"02f4ae2\" data-element_type=\"column\">\n\t\t\t<div class=\"elementor-widget-wrap elementor-element-populated\">\n\t\t\t\t\t\t<div class=\"elementor-element elementor-element-58b647a elementor-widget elementor-widget-heading\" data-id=\"58b647a\" data-element_type=\"widget\" data-widget_type=\"heading.default\">\n\t\t\t\t<div class=\"elementor-widget-container\">\n\t\t\t<h2 class=\"elementor-heading-title elementor-size-large\">Willkommen<\/h2>\t\t<\/div>\n\t\t\t\t<\/div>\n\t\t\t\t<div class=\"elementor-element elementor-element-1b0a01c elementor-widget elementor-widget-video\" data-id=\"1b0a01c\" data-element_type=\"widget\" data-settings=\"{&quot;youtube_url&quot;:&quot;https:\\\/\\\/www.youtube.com\\\/watch?v=JvXWr4p6tPA&quot;,&quot;video_type&quot;:&quot;youtube&quot;,&quot;controls&quot;:&quot;yes&quot;}\" data-widget_type=\"video.default\">\n\t\t\t\t<div class=\"elementor-widget-container\">\n\t\t\t\t\t<div class=\"elementor-wrapper elementor-open-inline\">\n\t\t\t<div class=\"elementor-video\"><\/div>\t\t<\/div>\n\t\t\t\t<\/div>\n\t\t\t\t<\/div>\n\t\t\t\t<div class=\"elementor-element elementor-element-ee58ab5 elementor-widget elementor-widget-text-editor\" data-id=\"ee58ab5\" data-element_type=\"widget\" data-widget_type=\"text-editor.default\">\n\t\t\t\t<div class=\"elementor-widget-container\">\n\t\t\t\t\t\t\t<p>Der Inner-Glieshof\u2014 Urlaub auf dem Bauernhof in Matsch &#8211; Mals im Vinschgau.<\/p><p>Genie\u00dfe jeden Tag! Nach diesem Motto begr\u00fc\u00dfen wir unsere G\u00e4ste! Wir<br \/>bem\u00fchen uns, Ihnen auf unserem Bauernhof, im sch\u00f6nen Matschertal, einem<br \/>sonnenverw\u00f6hnten Seitental des Vinschgaus (S\u00fcdtirol), erholsame,<br \/>unvergessliche Urlaubstage zu bescheren und freuen uns, wenn Sie als<br \/>Gast kommen &#8230; und als Freund gehen.<\/p><p>Ihre Familie Heinisch<\/p>\t\t\t\t\t\t<\/div>\n\t\t\t\t<\/div>\n\t\t\t\t<div class=\"elementor-element elementor-element-3fb2711 elementor-widget elementor-widget-image\" data-id=\"3fb2711\" data-element_type=\"widget\" data-widget_type=\"image.default\">\n\t\t\t\t<div class=\"elementor-widget-container\">\n\t\t\t\t\t\t\t\t\t\t\t\t\t<img fetchpriority=\"high\" decoding=\"async\" width=\"580\" height=\"386\" src=\"https:\/\/www.thaler-online.com\/ig-new\/wp-content\/uploads\/2020\/03\/innerglieshof_familienfoto_DSC6822-Kopie.jpg\" class=\"attachment-large size-large wp-image-12\" alt=\"\" srcset=\"https:\/\/www.thaler-online.com\/ig-new\/wp-content\/uploads\/2020\/03\/innerglieshof_familienfoto_DSC6822-Kopie.jpg 721w, https:\/\/www.thaler-online.com\/ig-new\/wp-content\/uploads\/2020\/03\/innerglieshof_familienfoto_DSC6822-Kopie-300x200.jpg 300w\" sizes=\"(max-width: 580px) 100vw, 580px\" \/>\t\t\t\t\t\t\t\t\t\t\t\t\t<\/div>\n\t\t\t\t<\/div>\n\t\t\t\t\t<\/div>\n\t\t<\/div>\n\t\t\t\t<div class=\"elementor-column elementor-col-33 elementor-top-column elementor-element elementor-element-131a42f\" data-id=\"131a42f\" data-element_type=\"column\">\n\t\t\t<div class=\"elementor-widget-wrap elementor-element-populated\">\n\t\t\t\t\t\t<div class=\"elementor-element elementor-element-08a4743 elementor-widget elementor-widget-global elementor-global-386 elementor-widget-heading\" data-id=\"08a4743\" data-element_type=\"widget\" data-widget_type=\"heading.default\">\n\t\t\t\t<div class=\"elementor-widget-container\">\n\t\t\t<span class=\"elementor-heading-title elementor-size-medium\">News<\/span>\t\t<\/div>\n\t\t\t\t<\/div>\n\t\t\t\t<div class=\"elementor-element elementor-element-511ef7d elementor-widget elementor-widget-global elementor-global-241 elementor-widget-wp-widget-wp-forecast\" data-id=\"511ef7d\" data-element_type=\"widget\" data-widget_type=\"wp-widget-wp-forecast.default\">\n\t\t\t\t<div class=\"elementor-widget-container\">\n\t\t\t<h5>Wetter<\/h5><div id=\"wp-forecastA\" class=\"wp-forecast\">\n<div class=\"wp-forecast-curr\">\n<div class=\"wp-forecast-curr-head\"><div><\/div>\n<\/div>\n<div class=\"wp-forecast-curr-block\"><div class='wp-forecast-curr-left'><br \/><\/div><div class='wp-forecast-curr-right'><div><\/div><\/div>\n<\/div>\n<div class=\"wp-forecast-curr-details\"><\/div>\n<\/div>\n<div class=\"wp-forecast-fc\">\n<\/div>\n<\/div>\n<div style=\"clear:inherit;\">&nbsp;<\/div>\t\t<\/div>\n\t\t\t\t<\/div>\n\t\t\t\t<div class=\"elementor-element elementor-element-7a7bbf9 elementor-grid-1 elementor-grid-tablet-2 elementor-grid-mobile-1 elementor-posts--thumbnail-top elementor-widget elementor-widget-global elementor-global-499 elementor-widget-posts\" data-id=\"7a7bbf9\" data-element_type=\"widget\" data-settings=\"{&quot;classic_columns&quot;:&quot;1&quot;,&quot;classic_row_gap&quot;:{&quot;unit&quot;:&quot;px&quot;,&quot;size&quot;:20,&quot;sizes&quot;:[]},&quot;classic_columns_tablet&quot;:&quot;2&quot;,&quot;classic_columns_mobile&quot;:&quot;1&quot;}\" data-widget_type=\"posts.classic\">\n\t\t\t\t<div class=\"elementor-widget-container\">\n\t\t\t\t\t<div class=\"elementor-posts-container elementor-posts elementor-posts--skin-classic elementor-grid\">\n\t\t\t\t<article class=\"elementor-post elementor-grid-item post-377 post type-post status-publish format-standard has-post-thumbnail hentry category-uncategorized\">\n\t\t\t\t<a class=\"elementor-post__thumbnail__link\" href=\"https:\/\/www.thaler-online.com\/ig-new\/2020\/03\/30\/roter-hahn\/\" >\n\t\t\t<div class=\"elementor-post__thumbnail\"><img decoding=\"async\" width=\"80\" height=\"60\" src=\"https:\/\/www.thaler-online.com\/ig-new\/wp-content\/uploads\/2020\/03\/news-img.png\" class=\"attachment-thumbnail size-thumbnail wp-image-378\" alt=\"\" \/><\/div>\n\t\t<\/a>\n\t\t\t\t<div class=\"elementor-post__text\">\n\t\t\t\t<h3 class=\"elementor-post__title\">\n\t\t\t<a href=\"https:\/\/www.thaler-online.com\/ig-new\/2020\/03\/30\/roter-hahn\/\" >\n\t\t\t\tTest 2\t\t\t<\/a>\n\t\t<\/h3>\n\t\t\t\t<\/div>\n\t\t\t\t<\/article>\n\t\t\t\t<article class=\"elementor-post elementor-grid-item post-1 post type-post status-publish format-standard hentry category-uncategorized\">\n\t\t\t\t<div class=\"elementor-post__text\">\n\t\t\t\t<h3 class=\"elementor-post__title\">\n\t\t\t<a href=\"https:\/\/www.thaler-online.com\/ig-new\/2020\/03\/16\/hello-world\/\" >\n\t\t\t\tHello world!\t\t\t<\/a>\n\t\t<\/h3>\n\t\t\t\t<\/div>\n\t\t\t\t<\/article>\n\t\t\t\t<\/div>\n\t\t\t\t<\/div>\n\t\t\t\t<\/div>\n\t\t\t\t\t<\/div>\n\t\t<\/div>\n\t\t\t\t\t<\/div>\n\t\t<\/section>\n\t\t\t\t<section class=\"elementor-section elementor-top-section elementor-element elementor-element-db6acc5 elementor-section-boxed elementor-section-height-default elementor-section-height-default\" data-id=\"db6acc5\" data-element_type=\"section\">\n\t\t\t\t\t\t<div class=\"elementor-container elementor-column-gap-default\">\n\t\t\t\t\t<div class=\"elementor-column elementor-col-100 elementor-top-column elementor-element elementor-element-0f07274\" data-id=\"0f07274\" data-element_type=\"column\">\n\t\t\t<div class=\"elementor-widget-wrap\">\n\t\t\t\t\t\t\t<\/div>\n\t\t<\/div>\n\t\t\t\t\t<\/div>\n\t\t<\/section>\n\t\t\t\t<\/div>\n\t\t","protected":false},"excerpt":{"rendered":"<p>Willkommen https:\/\/www.youtube.com\/watch?v=JvXWr4p6tPA Der Inner-Glieshof\u2014 Urlaub auf dem Bauernhof in Matsch &#8211; Mals im Vinschgau. Genie\u00dfe jeden Tag! Nach diesem Motto begr\u00fc\u00dfen wir unsere G\u00e4ste! Wirbem\u00fchen<\/p>\n","protected":false},"author":1,"featured_media":0,"parent":0,"menu_order":0,"comment_status":"closed","ping_status":"closed","template":"elementor_header_footer","meta":{"footnotes":""},"class_list":["post-6","page","type-page","status-publish","hentry"],"_links":{"self":[{"href":"https:\/\/www.thaler-online.com\/ig-new\/wp-json\/wp\/v2\/pages\/6","targetHints":{"allow":["GET"]}}],"collection":[{"href":"https:\/\/www.thaler-online.com\/ig-new\/wp-json\/wp\/v2\/pages"}],"about":[{"href":"https:\/\/www.thaler-online.com\/ig-new\/wp-json\/wp\/v2\/types\/page"}],"author":[{"embeddable":true,"href":"https:\/\/www.thaler-online.com\/ig-new\/wp-json\/wp\/v2\/users\/1"}],"replies":[{"embeddable":true,"href":"https:\/\/www.thaler-online.com\/ig-new\/wp-json\/wp\/v2\/comments?post=6"}],"version-history":[{"count":10,"href":"https:\/\/www.thaler-online.com\/ig-new\/wp-json\/wp\/v2\/pages\/6\/revisions"}],"predecessor-version":[{"id":637,"href":"https:\/\/www.thaler-online.com\/ig-new\/wp-json\/wp\/v2\/pages\/6\/revisions\/637"}],"wp:attachment":[{"href":"https:\/\/www.thaler-online.com\/ig-new\/wp-json\/wp\/v2\/media?parent=6"}],"curies":[{"name":"wp","href":"https:\/\/api.w.org\/{rel}","templated":true}]}}