{"id":78,"date":"2020-03-19T19:33:36","date_gmt":"2020-03-19T19:33:36","guid":{"rendered":"https:\/\/www.thaler-online.com\/ig-new\/?page_id=78"},"modified":"2020-06-07T09:11:26","modified_gmt":"2020-06-07T09:11:26","slug":"elementor-78","status":"publish","type":"page","link":"https:\/\/www.thaler-online.com\/ig-new\/elementor-78\/","title":{"rendered":"Zimmer"},"content":{"rendered":"\t\t<div data-elementor-type=\"wp-page\" data-elementor-id=\"78\" class=\"elementor elementor-78\">\n\t\t\t\t\t\t<section class=\"elementor-section elementor-top-section elementor-element elementor-element-3d6989f elementor-section-full_width elementor-section-height-default elementor-section-height-default\" data-id=\"3d6989f\" data-element_type=\"section\">\n\t\t\t\t\t\t<div class=\"elementor-container elementor-column-gap-default\">\n\t\t\t\t\t<div class=\"elementor-column elementor-col-100 elementor-top-column elementor-element elementor-element-d372cd1\" data-id=\"d372cd1\" data-element_type=\"column\">\n\t\t\t<div class=\"elementor-widget-wrap elementor-element-populated\">\n\t\t\t\t\r\n\r\n\t\t<div class=\"elementor-element elementor-element-9615b54 elementor-widget elementor-widget-image-carousel\" data-id=\"9615b54\" data-element_type=\"widget\" data-settings=\"{&quot;slides_to_show&quot;:&quot;1&quot;,&quot;navigation&quot;:&quot;none&quot;,&quot;autoplay&quot;:&quot;yes&quot;,&quot;pause_on_hover&quot;:&quot;yes&quot;,&quot;pause_on_interaction&quot;:&quot;yes&quot;,&quot;autoplay_speed&quot;:5000,&quot;infinite&quot;:&quot;yes&quot;,&quot;effect&quot;:&quot;slide&quot;,&quot;speed&quot;:500}\" data-widget_type=\"image-carousel.default\">\n\t\t\t\t<div class=\"elementor-widget-container\">\n\t\t\t\t\t<div class=\"elementor-image-carousel-wrapper swiper\" dir=\"ltr\">\n\t\t\t<div class=\"elementor-image-carousel swiper-wrapper swiper-image-stretch\" aria-live=\"off\">\n\t\t\t\t\t\t\t\t<div class=\"swiper-slide\" role=\"group\" aria-roledescription=\"slide\" aria-label=\"1 von 4\"><figure class=\"swiper-slide-inner\"><img decoding=\"async\" class=\"swiper-slide-image\" src=\"https:\/\/www.thaler-online.com\/ig-new\/wp-content\/uploads\/2020\/05\/WG2_WC_DSC3084-Kopie.jpg\" alt=\"ZIMMER\" \/><\/figure><\/div><div class=\"swiper-slide\" role=\"group\" aria-roledescription=\"slide\" aria-label=\"2 von 4\"><figure class=\"swiper-slide-inner\"><img decoding=\"async\" class=\"swiper-slide-image\" src=\"https:\/\/www.thaler-online.com\/ig-new\/wp-content\/uploads\/2020\/05\/WG2-Schlafzimmer1-Kopie.jpg\" alt=\"ZIMMER\" \/><\/figure><\/div><div class=\"swiper-slide\" role=\"group\" aria-roledescription=\"slide\" aria-label=\"3 von 4\"><figure class=\"swiper-slide-inner\"><img decoding=\"async\" class=\"swiper-slide-image\" src=\"https:\/\/www.thaler-online.com\/ig-new\/wp-content\/uploads\/2020\/05\/WG1_Schlafzimmer_DSC3200-Kopie.jpg\" alt=\"ZIMMER\" \/><\/figure><\/div><div class=\"swiper-slide\" role=\"group\" aria-roledescription=\"slide\" aria-label=\"4 von 4\"><figure class=\"swiper-slide-inner\"><img decoding=\"async\" class=\"swiper-slide-image\" src=\"https:\/\/www.thaler-online.com\/ig-new\/wp-content\/uploads\/2020\/05\/WG2_Schlafzimmer_DSC3450-Kopie.jpg\" alt=\"ZIMMER\" \/><\/figure><\/div>\t\t\t<\/div>\n\t\t\t\t\t\t\t\n\t\t\t\t\t\t\t\t\t<\/div>\n\t\t\t\t<\/div>\n\t\t\t\t<\/div>\n\t\t\t\t\t<\/div>\n\t\t<\/div>\n\t\t\t\t\t<\/div>\n\t\t<\/section>\n\t\t\t\t<section class=\"elementor-section elementor-top-section elementor-element elementor-element-5aa7796 elementor-section-stretched elementor-section-boxed elementor-section-height-default elementor-section-height-default\" data-id=\"5aa7796\" data-element_type=\"section\" data-settings=\"{&quot;stretch_section&quot;:&quot;section-stretched&quot;}\">\n\t\t\t\t\t\t<div class=\"elementor-container elementor-column-gap-default\">\n\t\t\t\t\t<div class=\"elementor-column elementor-col-66 elementor-top-column elementor-element elementor-element-ef478a0\" data-id=\"ef478a0\" data-element_type=\"column\">\n\t\t\t<div class=\"elementor-widget-wrap elementor-element-populated\">\n\t\t\t\t\t\t<div class=\"elementor-element elementor-element-0f50139 elementor-widget elementor-widget-heading\" data-id=\"0f50139\" data-element_type=\"widget\" data-widget_type=\"heading.default\">\n\t\t\t\t<div class=\"elementor-widget-container\">\n\t\t\t<h1 class=\"elementor-heading-title elementor-size-default\">Zimmer Standard<\/h1>\t\t<\/div>\n\t\t\t\t<\/div>\n\t\t\t\t<div class=\"elementor-element elementor-element-34b10b3 elementor-widget elementor-widget-image-carousel\" data-id=\"34b10b3\" data-element_type=\"widget\" data-settings=\"{&quot;slides_to_show&quot;:&quot;1&quot;,&quot;navigation&quot;:&quot;none&quot;,&quot;autoplay&quot;:&quot;yes&quot;,&quot;pause_on_hover&quot;:&quot;yes&quot;,&quot;pause_on_interaction&quot;:&quot;yes&quot;,&quot;autoplay_speed&quot;:5000,&quot;infinite&quot;:&quot;yes&quot;,&quot;effect&quot;:&quot;slide&quot;,&quot;speed&quot;:500}\" data-widget_type=\"image-carousel.default\">\n\t\t\t\t<div class=\"elementor-widget-container\">\n\t\t\t\t\t<div class=\"elementor-image-carousel-wrapper swiper\" dir=\"ltr\">\n\t\t\t<div class=\"elementor-image-carousel swiper-wrapper\" aria-live=\"off\">\n\t\t\t\t\t\t\t\t<div class=\"swiper-slide\" role=\"group\" aria-roledescription=\"slide\" aria-label=\"1 von 3\"><figure class=\"swiper-slide-inner\"><img decoding=\"async\" class=\"swiper-slide-image\" src=\"https:\/\/www.thaler-online.com\/ig-new\/wp-content\/uploads\/2020\/05\/WG1_Kueche_DSC2820-Kopie.jpg\" alt=\"WG1_Kueche_DSC2820 Kopie\" \/><\/figure><\/div><div class=\"swiper-slide\" role=\"group\" aria-roledescription=\"slide\" aria-label=\"2 von 3\"><figure class=\"swiper-slide-inner\"><img decoding=\"async\" class=\"swiper-slide-image\" src=\"https:\/\/www.thaler-online.com\/ig-new\/wp-content\/uploads\/2020\/05\/WG1-Kueche2-Kopie.jpg\" alt=\"WG1-Kueche2 Kopie\" \/><\/figure><\/div><div class=\"swiper-slide\" role=\"group\" aria-roledescription=\"slide\" aria-label=\"3 von 3\"><figure class=\"swiper-slide-inner\"><img decoding=\"async\" class=\"swiper-slide-image\" src=\"https:\/\/www.thaler-online.com\/ig-new\/wp-content\/uploads\/2020\/05\/WG2_Schlafzimmer_DSC3450-Kopie.jpg\" alt=\"ZIMMER\" \/><\/figure><\/div>\t\t\t<\/div>\n\t\t\t\t\t\t\t\n\t\t\t\t\t\t\t\t\t<\/div>\n\t\t\t\t<\/div>\n\t\t\t\t<\/div>\n\t\t\t\t<div class=\"elementor-element elementor-element-46f35a0 elementor-widget elementor-widget-text-editor\" data-id=\"46f35a0\" data-element_type=\"widget\" data-widget_type=\"text-editor.default\">\n\t\t\t\t<div class=\"elementor-widget-container\">\n\t\t\t\t\t\t\t<p>Es erwartet Sie eine famili\u00e4re Atmosph\u00e4re in\u00a0sauberen, gem\u00fctlichen\u00a0Doppelbettzimmern, die wir 2015 alle neu\u00a0 eingerichtet haben. Dabei haben wir auf die Verwendung einheimischer, naturbelassener H\u00f6lzer, wie L\u00e4rche, Fichte und Kiefer gro\u00dfen Wert gelegt.<\/p><p>Die\u00a0gepflegten Standardzimmer\u00a0verf\u00fcgen \u00fcber Bad mit Dusche, WC und F\u00f6hn, Balkon, Safe und SAT\/TV.<\/p><p>Die neuen, ger\u00e4umigen\u00a0Comfortzimmer verf\u00fcgen \u00fcber\u00a0ein\u00a0gro\u00dfes modernes\u00a0Badezimmer, mit Dusche, WC, F\u00f6hn,\u00a0Bidet und Bademantel, Balkon, SAT\/TV, Safe.<\/p><p>Die G\u00e4ste unseres Hauses k\u00f6nnen im danebenliegenden Almhotel Glieshof, mit ausgezeichneter S\u00fcdtiroler K\u00fcche, den Urlaubstag aus klingen lassen. Au\u00dferdem haben unsere G\u00e4ste die M\u00f6glichkeit sich in der\u00a0Saunalandschaft des Hotels zu entspannen.<\/p>\t\t\t\t\t\t<\/div>\n\t\t\t\t<\/div>\n\t\t\t\t<div class=\"elementor-element elementor-element-8119d03 elementor-widget elementor-widget-heading\" data-id=\"8119d03\" data-element_type=\"widget\" data-widget_type=\"heading.default\">\n\t\t\t\t<div class=\"elementor-widget-container\">\n\t\t\t<h1 class=\"elementor-heading-title elementor-size-default\">Zimmer Comfort<\/h1>\t\t<\/div>\n\t\t\t\t<\/div>\n\t\t\t\t<div class=\"elementor-element elementor-element-e154248 elementor-widget elementor-widget-image-carousel\" data-id=\"e154248\" data-element_type=\"widget\" data-settings=\"{&quot;slides_to_show&quot;:&quot;1&quot;,&quot;navigation&quot;:&quot;none&quot;,&quot;autoplay&quot;:&quot;yes&quot;,&quot;pause_on_hover&quot;:&quot;yes&quot;,&quot;pause_on_interaction&quot;:&quot;yes&quot;,&quot;autoplay_speed&quot;:5000,&quot;infinite&quot;:&quot;yes&quot;,&quot;effect&quot;:&quot;slide&quot;,&quot;speed&quot;:500}\" data-widget_type=\"image-carousel.default\">\n\t\t\t\t<div class=\"elementor-widget-container\">\n\t\t\t\t\t<div class=\"elementor-image-carousel-wrapper swiper\" dir=\"ltr\">\n\t\t\t<div class=\"elementor-image-carousel swiper-wrapper\" aria-live=\"off\">\n\t\t\t\t\t\t\t\t<div class=\"swiper-slide\" role=\"group\" aria-roledescription=\"slide\" aria-label=\"1 von 3\"><figure class=\"swiper-slide-inner\"><img decoding=\"async\" class=\"swiper-slide-image\" src=\"https:\/\/www.thaler-online.com\/ig-new\/wp-content\/uploads\/2020\/05\/WG1_Kueche_DSC2820-Kopie.jpg\" alt=\"WG1_Kueche_DSC2820 Kopie\" \/><\/figure><\/div><div class=\"swiper-slide\" role=\"group\" aria-roledescription=\"slide\" aria-label=\"2 von 3\"><figure class=\"swiper-slide-inner\"><img decoding=\"async\" class=\"swiper-slide-image\" src=\"https:\/\/www.thaler-online.com\/ig-new\/wp-content\/uploads\/2020\/05\/WG1-Kueche2-Kopie.jpg\" alt=\"WG1-Kueche2 Kopie\" \/><\/figure><\/div><div class=\"swiper-slide\" role=\"group\" aria-roledescription=\"slide\" aria-label=\"3 von 3\"><figure class=\"swiper-slide-inner\"><img decoding=\"async\" class=\"swiper-slide-image\" src=\"https:\/\/www.thaler-online.com\/ig-new\/wp-content\/uploads\/2020\/05\/WG2_Schlafzimmer_DSC3450-Kopie.jpg\" alt=\"ZIMMER\" \/><\/figure><\/div>\t\t\t<\/div>\n\t\t\t\t\t\t\t\n\t\t\t\t\t\t\t\t\t<\/div>\n\t\t\t\t<\/div>\n\t\t\t\t<\/div>\n\t\t\t\t<div class=\"elementor-element elementor-element-a6af64a elementor-widget elementor-widget-text-editor\" data-id=\"a6af64a\" data-element_type=\"widget\" data-widget_type=\"text-editor.default\">\n\t\t\t\t<div class=\"elementor-widget-container\">\n\t\t\t\t\t\t\t<p>Lorem ipsum dolor sit amet, consectetur adipiscing elit. Ut elit tellus, luctus nec ullamcorper mattis, pulvinar dapibus leo.<\/p>\t\t\t\t\t\t<\/div>\n\t\t\t\t<\/div>\n\t\t\t\t<div class=\"elementor-element elementor-element-fb5aa29 elementor-widget elementor-widget-heading\" data-id=\"fb5aa29\" data-element_type=\"widget\" data-widget_type=\"heading.default\">\n\t\t\t\t<div class=\"elementor-widget-container\">\n\t\t\t<h2 class=\"elementor-heading-title elementor-size-default\"><a href=\"http:\/\/kontakt\/\">Buchung anfragen<\/a><\/h2>\t\t<\/div>\n\t\t\t\t<\/div>\n\t\t\t\t\t<\/div>\n\t\t<\/div>\n\t\t\t\t<div class=\"elementor-column elementor-col-33 elementor-top-column elementor-element elementor-element-4941f4f\" data-id=\"4941f4f\" data-element_type=\"column\">\n\t\t\t<div class=\"elementor-widget-wrap elementor-element-populated\">\n\t\t\t\t\t\t<div class=\"elementor-element elementor-element-e69b66e elementor-widget elementor-widget-global elementor-global-386 elementor-widget-heading\" data-id=\"e69b66e\" data-element_type=\"widget\" data-widget_type=\"heading.default\">\n\t\t\t\t<div class=\"elementor-widget-container\">\n\t\t\t<span class=\"elementor-heading-title elementor-size-medium\">News<\/span>\t\t<\/div>\n\t\t\t\t<\/div>\n\t\t\t\t<div class=\"elementor-element elementor-element-e6254a2 elementor-widget elementor-widget-global elementor-global-241 elementor-widget-wp-widget-wp-forecast\" data-id=\"e6254a2\" data-element_type=\"widget\" data-widget_type=\"wp-widget-wp-forecast.default\">\n\t\t\t\t<div class=\"elementor-widget-container\">\n\t\t\t<h5>Wetter<\/h5><div id=\"wp-forecastA\" class=\"wp-forecast\">\n<div class=\"wp-forecast-curr\">\n<div class=\"wp-forecast-curr-head\"><div><\/div>\n<\/div>\n<div class=\"wp-forecast-curr-block\"><div class='wp-forecast-curr-left'><br \/><\/div><div class='wp-forecast-curr-right'><div><\/div><\/div>\n<\/div>\n<div class=\"wp-forecast-curr-details\"><\/div>\n<\/div>\n<div class=\"wp-forecast-fc\">\n<\/div>\n<\/div>\n<div style=\"clear:inherit;\">&nbsp;<\/div>\t\t<\/div>\n\t\t\t\t<\/div>\n\t\t\t\t<div class=\"elementor-element elementor-element-970ad86 elementor-grid-1 elementor-grid-tablet-2 elementor-grid-mobile-1 elementor-posts--thumbnail-top elementor-widget elementor-widget-global elementor-global-499 elementor-widget-posts\" data-id=\"970ad86\" data-element_type=\"widget\" data-settings=\"{&quot;classic_columns&quot;:&quot;1&quot;,&quot;classic_row_gap&quot;:{&quot;unit&quot;:&quot;px&quot;,&quot;size&quot;:20,&quot;sizes&quot;:[]},&quot;classic_columns_tablet&quot;:&quot;2&quot;,&quot;classic_columns_mobile&quot;:&quot;1&quot;}\" data-widget_type=\"posts.classic\">\n\t\t\t\t<div class=\"elementor-widget-container\">\n\t\t\t\t\t<div class=\"elementor-posts-container elementor-posts elementor-posts--skin-classic elementor-grid\">\n\t\t\t\t<article class=\"elementor-post elementor-grid-item post-377 post type-post status-publish format-standard has-post-thumbnail hentry category-uncategorized\">\n\t\t\t\t<a class=\"elementor-post__thumbnail__link\" href=\"https:\/\/www.thaler-online.com\/ig-new\/2020\/03\/30\/roter-hahn\/\" >\n\t\t\t<div class=\"elementor-post__thumbnail\"><img decoding=\"async\" width=\"80\" height=\"60\" src=\"https:\/\/www.thaler-online.com\/ig-new\/wp-content\/uploads\/2020\/03\/news-img.png\" class=\"attachment-thumbnail size-thumbnail wp-image-378\" alt=\"\" \/><\/div>\n\t\t<\/a>\n\t\t\t\t<div class=\"elementor-post__text\">\n\t\t\t\t<h3 class=\"elementor-post__title\">\n\t\t\t<a href=\"https:\/\/www.thaler-online.com\/ig-new\/2020\/03\/30\/roter-hahn\/\" >\n\t\t\t\tTest 2\t\t\t<\/a>\n\t\t<\/h3>\n\t\t\t\t<\/div>\n\t\t\t\t<\/article>\n\t\t\t\t<article class=\"elementor-post elementor-grid-item post-1 post type-post status-publish format-standard hentry category-uncategorized\">\n\t\t\t\t<div class=\"elementor-post__text\">\n\t\t\t\t<h3 class=\"elementor-post__title\">\n\t\t\t<a href=\"https:\/\/www.thaler-online.com\/ig-new\/2020\/03\/16\/hello-world\/\" >\n\t\t\t\tHello world!\t\t\t<\/a>\n\t\t<\/h3>\n\t\t\t\t<\/div>\n\t\t\t\t<\/article>\n\t\t\t\t<\/div>\n\t\t\t\t<\/div>\n\t\t\t\t<\/div>\n\t\t\t\t\t<\/div>\n\t\t<\/div>\n\t\t\t\t\t<\/div>\n\t\t<\/section>\n\t\t\t\t<\/div>\n\t\t","protected":false},"excerpt":{"rendered":"<p>Zimmer Standard Es erwartet Sie eine famili\u00e4re Atmosph\u00e4re in&nbsp;sauberen, gem\u00fctlichen&nbsp;Doppelbettzimmern, die wir 2015 alle neu&nbsp; eingerichtet haben. Dabei haben wir auf die Verwendung einheimischer, naturbelassener<\/p>\n","protected":false},"author":1,"featured_media":0,"parent":0,"menu_order":0,"comment_status":"closed","ping_status":"closed","template":"elementor_header_footer","meta":{"footnotes":""},"class_list":["post-78","page","type-page","status-publish","hentry"],"_links":{"self":[{"href":"https:\/\/www.thaler-online.com\/ig-new\/wp-json\/wp\/v2\/pages\/78","targetHints":{"allow":["GET"]}}],"collection":[{"href":"https:\/\/www.thaler-online.com\/ig-new\/wp-json\/wp\/v2\/pages"}],"about":[{"href":"https:\/\/www.thaler-online.com\/ig-new\/wp-json\/wp\/v2\/types\/page"}],"author":[{"embeddable":true,"href":"https:\/\/www.thaler-online.com\/ig-new\/wp-json\/wp\/v2\/users\/1"}],"replies":[{"embeddable":true,"href":"https:\/\/www.thaler-online.com\/ig-new\/wp-json\/wp\/v2\/comments?post=78"}],"version-history":[{"count":10,"href":"https:\/\/www.thaler-online.com\/ig-new\/wp-json\/wp\/v2\/pages\/78\/revisions"}],"predecessor-version":[{"id":682,"href":"https:\/\/www.thaler-online.com\/ig-new\/wp-json\/wp\/v2\/pages\/78\/revisions\/682"}],"wp:attachment":[{"href":"https:\/\/www.thaler-online.com\/ig-new\/wp-json\/wp\/v2\/media?parent=78"}],"curies":[{"name":"wp","href":"https:\/\/api.w.org\/{rel}","templated":true}]}}